{"id":9206,"date":"2021-04-09T12:00:25","date_gmt":"2021-04-09T10:00:25","guid":{"rendered":"https:\/\/lawoffice.ba\/?page_id=9206"},"modified":"2024-09-18T22:42:20","modified_gmt":"2024-09-18T20:42:20","slug":"practice-areas-2","status":"publish","type":"page","link":"https:\/\/lawoffice.ba\/bs\/practice-areas-2\/","title":{"rendered":"Oblasti prava"},"content":{"rendered":"<div class=\"wpb-content-wrapper\"><div data-vc-full-width=\"true\" data-vc-full-width-init=\"false\" class=\"vc_row wpb_row vc_row-fluid vc_custom_1722607870677 vc_row-has-fill\"><div class=\"wpb_column vc_column_container vc_col-sm-12\"><div class=\"vc_column-inner\"><div class=\"wpb_wrapper\"><h1 style=\"text-align: left\" class=\"vc_custom_heading vc_do_custom_heading\" >Oblasti prava<\/h1><\/div><\/div><\/div><\/div><div class=\"vc_row-full-width vc_clearfix\"><\/div><div data-vc-full-width=\"true\" data-vc-full-width-init=\"false\" class=\"vc_row wpb_row vc_row-fluid vc_custom_1722607870677 vc_row-has-fill\"><div class=\"wpb_column vc_column_container vc_col-sm-6\"><div class=\"vc_column-inner\"><div class=\"wpb_wrapper\">\n\t<div  class=\"wpb_single_image wpb_content_element vc_align_left wpb_content_element wpb_animate_when_almost_visible wpb_fadeInUp fadeInUp\">\n\t\t\n\t\t<figure class=\"wpb_wrapper vc_figure\">\n\t\t\t<div class=\"vc_single_image-wrapper   vc_box_border_grey\"><img loading=\"lazy\" decoding=\"async\" width=\"150\" height=\"150\" src=\"https:\/\/lawoffice.ba\/wp-content\/uploads\/2016\/12\/Civil-Commercial-Dispute-Resolution-1-150x150.png\" class=\"vc_single_image-img attachment-thumbnail\" alt=\"\" title=\"Civil-&amp;-Commercial-Dispute-Resolution\" srcset=\"https:\/\/lawoffice.ba\/wp-content\/uploads\/2016\/12\/Civil-Commercial-Dispute-Resolution-1-150x150.png 150w, https:\/\/lawoffice.ba\/wp-content\/uploads\/2016\/12\/Civil-Commercial-Dispute-Resolution-1-75x75.png 75w, https:\/\/lawoffice.ba\/wp-content\/uploads\/2016\/12\/Civil-Commercial-Dispute-Resolution-1-300x300.png 300w, https:\/\/lawoffice.ba\/wp-content\/uploads\/2016\/12\/Civil-Commercial-Dispute-Resolution-1-600x600.png 600w\" sizes=\"auto, (max-width: 150px) 100vw, 150px\" \/><\/div>\n\t\t<\/figure>\n\t<\/div>\n<h3 style=\"text-align: left\" class=\"vc_custom_heading vc_do_custom_heading wpb_animate_when_almost_visible wpb_fadeInUp fadeInUp\" >Ljudska i gra\u0111anska prava<\/h3>\n\t<div class=\"wpb_text_column wpb_content_element wpb_animate_when_almost_visible wpb_fadeInUp fadeInUp\" >\n\t\t<div class=\"wpb_wrapper\">\n\t\t\t<h4><span style=\"font-weight: 400;\">Za\u0161tita individualnih sloboda i osiguranje jednakosti<\/span><\/h4>\n<p><b>Usluge koje nudimo:<\/b><\/p>\n<ul>\n<li style=\"font-weight: 400;\" aria-level=\"1\"><b>Zastupanje:<\/b><span style=\"font-weight: 400;\"> Zastupanje u slu\u010dajevima diskriminacije, slobode govora i drugih gra\u0111anskih sloboda.<\/span><\/li>\n<li style=\"font-weight: 400;\" aria-level=\"1\"><b>Konsultacije:<\/b><span style=\"font-weight: 400;\"> Savjetovanje o uskla\u0111enosti s ljudskim pravima.<\/span><\/li>\n<li style=\"font-weight: 400;\" aria-level=\"1\" class=\"translation-block\"><b>Litigation:\n\n<\/b><span style=\"font-weight: 400\">Pokretanje pravnih radnji u slu\u010dajevima kr\u0161enja prava.<\/span><\/li>\n<li><b>Edukacije:<\/b><span style=\"font-weight: 400;\"> Obuke i radionice o svijesti o ljudskim pravima.<\/span><\/li>\n<\/ul>\n\n\t\t<\/div>\n\t<\/div>\n<\/div><\/div><\/div><div class=\"wpb_column vc_column_container vc_col-sm-6\"><div class=\"vc_column-inner\"><div class=\"wpb_wrapper\">\n\t<div  class=\"wpb_single_image wpb_content_element vc_align_left wpb_content_element wpb_animate_when_almost_visible wpb_fadeInUp fadeInUp\">\n\t\t\n\t\t<figure class=\"wpb_wrapper vc_figure\">\n\t\t\t<div class=\"vc_single_image-wrapper   vc_box_border_grey\"><img loading=\"lazy\" decoding=\"async\" width=\"150\" height=\"150\" src=\"https:\/\/lawoffice.ba\/wp-content\/uploads\/2016\/12\/Strategic-Litigation-150x150.png\" class=\"vc_single_image-img attachment-thumbnail\" alt=\"\" title=\"Strategic-Litigation\" srcset=\"https:\/\/lawoffice.ba\/wp-content\/uploads\/2016\/12\/Strategic-Litigation-150x150.png 150w, https:\/\/lawoffice.ba\/wp-content\/uploads\/2016\/12\/Strategic-Litigation-75x75.png 75w, https:\/\/lawoffice.ba\/wp-content\/uploads\/2016\/12\/Strategic-Litigation-300x300.png 300w, https:\/\/lawoffice.ba\/wp-content\/uploads\/2016\/12\/Strategic-Litigation-600x600.png 600w\" sizes=\"auto, (max-width: 150px) 100vw, 150px\" \/><\/div>\n\t\t<\/figure>\n\t<\/div>\n<h3 style=\"text-align: left\" class=\"vc_custom_heading vc_do_custom_heading wpb_animate_when_almost_visible wpb_fadeInUp fadeInUp\" >Gra\u0111anske i strate\u0161ke parnice<\/h3>\n\t<div class=\"wpb_text_column wpb_content_element wpb_animate_when_almost_visible wpb_fadeInUp fadeInUp\" >\n\t\t<div class=\"wpb_wrapper\">\n\t\t\t<h4><span style=\"font-weight: 400;\">Rje\u0161avanje sporova kroz sudski sistem s fokusom na zna\u010dajne slu\u010dajeve<\/span><\/h4>\n<p><b>Usluge koje nudimo:<\/b><\/p>\n<ul>\n<li style=\"font-weight: 400;\" aria-level=\"1\"><b>Zastupanje u slu\u010dajevima:<\/b><span style=\"font-weight: 400;\"> Vo\u0111enje tu\u017ebi od podno\u0161enja do presude.<\/span><\/li>\n<li style=\"font-weight: 400;\" aria-level=\"1\"><b>Strate\u0161ko savjetovanje:<\/b><span style=\"font-weight: 400;\"> Planiranje i izvr\u0161avanje pravnih strategija za postavljanje presedana.<\/span><\/li>\n<li style=\"font-weight: 400;\" aria-level=\"1\"><b>\u017dalbe:<\/b><span style=\"font-weight: 400;\"> Zastupanje klijenata pred apelacionim sudovima.<\/span><\/li>\n<li style=\"font-weight: 400;\" aria-level=\"1\"><b>Rje\u0161avanje sporova:<\/b><span style=\"font-weight: 400;\"> Medijacije i arbitra\u017ee.<\/span><\/li>\n<\/ul>\n\n\t\t<\/div>\n\t<\/div>\n<\/div><\/div><\/div><\/div><div class=\"vc_row-full-width vc_clearfix\"><\/div><div data-vc-full-width=\"true\" data-vc-full-width-init=\"false\" class=\"vc_row wpb_row vc_row-fluid vc_custom_1722607870677 vc_row-has-fill\"><div class=\"wpb_column vc_column_container vc_col-sm-6\"><div class=\"vc_column-inner\"><div class=\"wpb_wrapper\">\n\t<div  class=\"wpb_single_image wpb_content_element vc_align_left wpb_content_element wpb_animate_when_almost_visible wpb_fadeInUp fadeInUp\">\n\t\t\n\t\t<figure class=\"wpb_wrapper vc_figure\">\n\t\t\t<div class=\"vc_single_image-wrapper   vc_box_border_grey\"><img loading=\"lazy\" decoding=\"async\" width=\"150\" height=\"150\" src=\"https:\/\/lawoffice.ba\/wp-content\/uploads\/2016\/12\/Contract-Review-Negotiation-150x150.png\" class=\"vc_single_image-img attachment-thumbnail\" alt=\"\" title=\"Contract-Review-&amp;-Negotiation\" srcset=\"https:\/\/lawoffice.ba\/wp-content\/uploads\/2016\/12\/Contract-Review-Negotiation-150x150.png 150w, https:\/\/lawoffice.ba\/wp-content\/uploads\/2016\/12\/Contract-Review-Negotiation-75x75.png 75w, https:\/\/lawoffice.ba\/wp-content\/uploads\/2016\/12\/Contract-Review-Negotiation-300x300.png 300w, https:\/\/lawoffice.ba\/wp-content\/uploads\/2016\/12\/Contract-Review-Negotiation-600x600.png 600w\" sizes=\"auto, (max-width: 150px) 100vw, 150px\" \/><\/div>\n\t\t<\/figure>\n\t<\/div>\n<h3 style=\"text-align: left\" class=\"vc_custom_heading vc_do_custom_heading wpb_animate_when_almost_visible wpb_fadeInUp fadeInUp\" >Upravni zakon i javno pravo<\/h3>\n\t<div class=\"wpb_text_column wpb_content_element wpb_animate_when_almost_visible wpb_fadeInUp fadeInUp\" >\n\t\t<div class=\"wpb_wrapper\">\n\t\t\t<h4><span style=\"font-weight: 400;\">Snala\u017eenje u pravnim pitanjima koja se odnose na vladine agencije i propise<\/span><\/h4>\n<p><b>Usluge koje nudimo:<\/b><\/p>\n<ul>\n<li style=\"font-weight: 400;\" aria-level=\"1\"><b>Uskla\u0111enost regulative:<\/b><span style=\"font-weight: 400;\"> Osiguravanje uskla\u0111enosti s vladinim pravilima.<\/span><\/li>\n<li style=\"font-weight: 400;\" aria-level=\"1\"><b>Licence i dozvole:<\/b><span style=\"font-weight: 400;\"> Pomo\u0107 pri pribavljanju potrebnih odobrenja.<\/span><\/li>\n<li style=\"font-weight: 400;\" aria-level=\"1\"><b>Administrativne \u017ealbe:<\/b><span style=\"font-weight: 400;\"> Osporavanje odluka vlade.<\/span><\/li>\n<li style=\"font-weight: 400;\" aria-level=\"1\"><b>Konsultacije o politici i strategiji:<\/b><span style=\"font-weight: 400;\"> Savjetovanje o zakonodavnim i regulatornim promjenama.<\/span><\/li>\n<\/ul>\n\n\t\t<\/div>\n\t<\/div>\n<\/div><\/div><\/div><div class=\"wpb_column vc_column_container vc_col-sm-6\"><div class=\"vc_column-inner\"><div class=\"wpb_wrapper\">\n\t<div  class=\"wpb_single_image wpb_content_element vc_align_left wpb_content_element wpb_animate_when_almost_visible wpb_fadeInUp fadeInUp\">\n\t\t\n\t\t<figure class=\"wpb_wrapper vc_figure\">\n\t\t\t<div class=\"vc_single_image-wrapper   vc_box_border_grey\"><img loading=\"lazy\" decoding=\"async\" width=\"150\" height=\"150\" src=\"https:\/\/lawoffice.ba\/wp-content\/uploads\/2020\/01\/Immigration-150x150.png\" class=\"vc_single_image-img attachment-thumbnail\" alt=\"\" title=\"Prava stranaca &amp; imigraciono pravo\" srcset=\"https:\/\/lawoffice.ba\/wp-content\/uploads\/2020\/01\/Immigration-150x150.png 150w, https:\/\/lawoffice.ba\/wp-content\/uploads\/2020\/01\/Immigration-75x75.png 75w, https:\/\/lawoffice.ba\/wp-content\/uploads\/2020\/01\/Immigration-300x300.png 300w, https:\/\/lawoffice.ba\/wp-content\/uploads\/2020\/01\/Immigration-600x600.png 600w\" sizes=\"auto, (max-width: 150px) 100vw, 150px\" \/><\/div>\n\t\t<\/figure>\n\t<\/div>\n<h3 style=\"text-align: left\" class=\"vc_custom_heading vc_do_custom_heading wpb_animate_when_almost_visible wpb_fadeInUp fadeInUp\" >Imigraciono pravo<\/h3>\n\t<div class=\"wpb_text_column wpb_content_element wpb_animate_when_almost_visible wpb_fadeInUp fadeInUp\" >\n\t\t<div class=\"wpb_wrapper\">\n\t\t\t<h4><span style=\"font-weight: 400;\">Pomo\u0107 pojedincima i preduze\u0107ima u procesu imigracije i pitanjima statusa<\/span><\/h4>\n<p><b>Usluge koje nudimo:<\/b><\/p>\n<ul>\n<li style=\"font-weight: 400;\" aria-level=\"1\"><b>Aplikacije za vize:<\/b><span style=\"font-weight: 400;\"> Pomo\u0107 pri svim vrstama viza.<\/span><\/li>\n<li style=\"font-weight: 400;\" aria-level=\"1\" class=\"translation-block\"><b>Azila i zahtjevi izbjeglica:<\/b><span style=\"font-weight: 400\"> Zastupanje u aplikacijama za azil.<\/span><\/li>\n<li style=\"font-weight: 400;\" aria-level=\"1\"><b>Odbrana deportacija<\/b><span style=\"font-weight: 400;\"> Za\u0161tita od deportacije iz zemlje.<\/span><\/li>\n<li style=\"font-weight: 400;\" aria-level=\"1\"><b>Naturalizacija:<\/b><span style=\"font-weight: 400;\"> Pomo\u0107 pri apliciranju za dr\u017eavljanstvo.<\/span><\/li>\n<\/ul>\n\n\t\t<\/div>\n\t<\/div>\n<\/div><\/div><\/div><\/div><div class=\"vc_row-full-width vc_clearfix\"><\/div><div data-vc-full-width=\"true\" data-vc-full-width-init=\"false\" class=\"vc_row wpb_row vc_row-fluid vc_custom_1722607870677 vc_row-has-fill\"><div class=\"wpb_column vc_column_container vc_col-sm-6\"><div class=\"vc_column-inner\"><div class=\"wpb_wrapper\">\n\t<div  class=\"wpb_single_image wpb_content_element vc_align_left wpb_content_element wpb_animate_when_almost_visible wpb_fadeInUp fadeInUp\">\n\t\t\n\t\t<figure class=\"wpb_wrapper vc_figure\">\n\t\t\t<div class=\"vc_single_image-wrapper   vc_box_border_grey\"><img loading=\"lazy\" decoding=\"async\" width=\"150\" height=\"150\" src=\"https:\/\/lawoffice.ba\/wp-content\/uploads\/2024\/08\/7-2-150x150.png\" class=\"vc_single_image-img attachment-thumbnail\" alt=\"\" title=\"7\" srcset=\"https:\/\/lawoffice.ba\/wp-content\/uploads\/2024\/08\/7-2-150x150.png 150w, https:\/\/lawoffice.ba\/wp-content\/uploads\/2024\/08\/7-2-300x300.png 300w, https:\/\/lawoffice.ba\/wp-content\/uploads\/2024\/08\/7-2-75x75.png 75w, https:\/\/lawoffice.ba\/wp-content\/uploads\/2024\/08\/7-2.png 500w\" sizes=\"auto, (max-width: 150px) 100vw, 150px\" \/><\/div>\n\t\t<\/figure>\n\t<\/div>\n<h3 style=\"text-align: left\" class=\"vc_custom_heading vc_do_custom_heading wpb_animate_when_almost_visible wpb_fadeInUp fadeInUp\" >Radno pravo i diskriminacija<\/h3>\n\t<div class=\"wpb_text_column wpb_content_element wpb_animate_when_almost_visible wpb_fadeInUp fadeInUp\" >\n\t\t<div class=\"wpb_wrapper\">\n\t\t\t<h4><span style=\"font-weight: 400;\">Za\u0161tita prava radnika i promovisanje po\u0161tenih radnih praksi<\/span><\/h4>\n<p><b>Usluge koje nudimo:<\/b><\/p>\n<ul>\n<li style=\"font-weight: 400;\" aria-level=\"1\"><b>Ugovori o zaposlenju<\/b><span style=\"font-weight: 400;\"> Nacrt i revizija ugovora.<\/span><\/li>\n<li style=\"font-weight: 400;\" aria-level=\"1\"><b>Radni sporovi:<\/b><span style=\"font-weight: 400;\"> Zastupanje u sporovima i parni\u010dnim postupcima.<\/span><\/li>\n<li style=\"font-weight: 400;\" aria-level=\"1\"><b>Tu\u017ebe zbog diskriminacije:<\/b><span style=\"font-weight: 400;\"> Vo\u0111enje slu\u010dajeva diskriminacije i uznemiravanja na radnom mjestu.<\/span><\/li>\n<li style=\"font-weight: 400;\" aria-level=\"1\"><b>Savjetovanje o pravilnicima:<\/b><span style=\"font-weight: 400;\"> Osiguravanje uskla\u0111enosti s zakonima i propisima o zapo\u0161ljavanju.<\/span><\/li>\n<\/ul>\n\n\t\t<\/div>\n\t<\/div>\n<\/div><\/div><\/div><div class=\"wpb_column vc_column_container vc_col-sm-6\"><div class=\"vc_column-inner\"><div class=\"wpb_wrapper\">\n\t<div  class=\"wpb_single_image wpb_content_element vc_align_left wpb_content_element wpb_animate_when_almost_visible wpb_fadeInUp fadeInUp\">\n\t\t\n\t\t<figure class=\"wpb_wrapper vc_figure\">\n\t\t\t<div class=\"vc_single_image-wrapper   vc_box_border_grey\"><img loading=\"lazy\" decoding=\"async\" width=\"150\" height=\"150\" src=\"https:\/\/lawoffice.ba\/wp-content\/uploads\/2016\/12\/Data-Protection-150x150.png\" class=\"vc_single_image-img attachment-thumbnail\" alt=\"\" title=\"Data-Protection\" srcset=\"https:\/\/lawoffice.ba\/wp-content\/uploads\/2016\/12\/Data-Protection-150x150.png 150w, https:\/\/lawoffice.ba\/wp-content\/uploads\/2016\/12\/Data-Protection-75x75.png 75w, https:\/\/lawoffice.ba\/wp-content\/uploads\/2016\/12\/Data-Protection-300x300.png 300w, https:\/\/lawoffice.ba\/wp-content\/uploads\/2016\/12\/Data-Protection-600x600.png 600w\" sizes=\"auto, (max-width: 150px) 100vw, 150px\" \/><\/div>\n\t\t<\/figure>\n\t<\/div>\n<h3 style=\"text-align: left\" class=\"vc_custom_heading vc_do_custom_heading wpb_animate_when_almost_visible wpb_fadeInUp fadeInUp\" >Medijsko pravo i pristup informacijama<\/h3>\n\t<div class=\"wpb_text_column wpb_content_element wpb_animate_when_almost_visible wpb_fadeInUp fadeInUp\" >\n\t\t<div class=\"wpb_wrapper\">\n\t\t\t<h4><span style=\"font-weight: 400;\">Rje\u0161avanje pravnih pitanja u izdava\u0161tvu, emitovanju i digitalnim medijima<\/span><\/h4>\n<p><b>Usluge koje nudimo:<\/b><\/p>\n<ul>\n<li style=\"font-weight: 400;\" aria-level=\"1\"><b>Provjera sadr\u017eaja:<\/b><span style=\"font-weight: 400;\"> Osiguranje da medijski sadr\u017eaj bude pravno ispravan.<\/span><\/li>\n<li style=\"font-weight: 400;\" aria-level=\"1\"><b>Odbrana od klevete:<\/b><span style=\"font-weight: 400;\"> Za\u0161tita od tu\u017ebi za klevetu i uvredu.<\/span><\/li>\n<li style=\"font-weight: 400;\" aria-level=\"1\"><b>Za\u0161tita podataka i privatnosti:<\/b><span style=\"font-weight: 400;\"> Savjetovanje o zakonima o za\u0161titi podataka i privatnosti.<\/span><\/li>\n<li style=\"font-weight: 400;\" aria-level=\"1\"><b>Intelektualna svojina:<\/b><span style=\"font-weight: 400;\"> Upravljanje autorskim pravima i za\u0161titom \u017eigova.<\/span><\/li>\n<\/ul>\n\n\t\t<\/div>\n\t<\/div>\n<\/div><\/div><\/div><\/div><div class=\"vc_row-full-width vc_clearfix\"><\/div><div data-vc-full-width=\"true\" data-vc-full-width-init=\"false\" class=\"vc_row wpb_row vc_row-fluid vc_custom_1722607870677 vc_row-has-fill\"><div class=\"wpb_column vc_column_container vc_col-sm-6\"><div class=\"vc_column-inner\"><div class=\"wpb_wrapper\">\n\t<div  class=\"wpb_single_image wpb_content_element vc_align_left wpb_content_element wpb_animate_when_almost_visible wpb_fadeInUp fadeInUp\">\n\t\t\n\t\t<figure class=\"wpb_wrapper vc_figure\">\n\t\t\t<div class=\"vc_single_image-wrapper   vc_box_border_grey\"><img loading=\"lazy\" decoding=\"async\" width=\"150\" height=\"150\" src=\"https:\/\/lawoffice.ba\/wp-content\/uploads\/2016\/12\/corporate-150x150.png\" class=\"vc_single_image-img attachment-thumbnail\" alt=\"\" title=\"corporate\" srcset=\"https:\/\/lawoffice.ba\/wp-content\/uploads\/2016\/12\/corporate-150x150.png 150w, https:\/\/lawoffice.ba\/wp-content\/uploads\/2016\/12\/corporate-75x75.png 75w, https:\/\/lawoffice.ba\/wp-content\/uploads\/2016\/12\/corporate-300x300.png 300w, https:\/\/lawoffice.ba\/wp-content\/uploads\/2016\/12\/corporate-600x600.png 600w\" sizes=\"auto, (max-width: 150px) 100vw, 150px\" \/><\/div>\n\t\t<\/figure>\n\t<\/div>\n<h3 style=\"text-align: left\" class=\"vc_custom_heading vc_do_custom_heading wpb_animate_when_almost_visible wpb_fadeInUp fadeInUp\" >Privredno &amp; gra\u0111ansko pravo<\/h3>\n\t<div class=\"wpb_text_column wpb_content_element wpb_animate_when_almost_visible wpb_fadeInUp fadeInUp\" >\n\t\t<div class=\"wpb_wrapper\">\n\t\t\t<h4><span style=\"font-weight: 400;\">Pru\u017eanje pravne podr\u0161ke preduze\u0107ima u oblasti trgovine<\/span><\/h4>\n<p><b>Usluge koje nudimo:<\/b><\/p>\n<ul>\n<li style=\"font-weight: 400;\" aria-level=\"1\"><b>Osnivanje preduze\u0107a:<\/b><span style=\"font-weight: 400;\"> Pomo\u0107 pri osnivanju i organizaciji preduze\u0107a.<\/span><\/li>\n<li style=\"font-weight: 400;\" aria-level=\"1\"><b>Ugovori:<\/b><span style=\"font-weight: 400;\"> Izrada, pregledanje i pregovaranje komercijalnih ugovora.<\/span><\/li>\n<li style=\"font-weight: 400;\" aria-level=\"1\"><b>Spajanja i akvizicije:<\/b><span style=\"font-weight: 400;\"> Vo\u0111enje kroz poslovne spajanja i akvizicije.<\/span><\/li>\n<li style=\"font-weight: 400;\" aria-level=\"1\"><b>Uskla\u0111enost regulative:<\/b><span style=\"font-weight: 400;\"> Osiguravanje korporativnog upravljanja i regulatorne uskla\u0111enosti.<\/span><\/li>\n<\/ul>\n\n\t\t<\/div>\n\t<\/div>\n<\/div><\/div><\/div><div class=\"wpb_column vc_column_container vc_col-sm-6\"><div class=\"vc_column-inner\"><div class=\"wpb_wrapper\">\n\t<div  class=\"wpb_single_image wpb_content_element vc_align_left wpb_content_element wpb_animate_when_almost_visible wpb_fadeInUp fadeInUp\">\n\t\t\n\t\t<figure class=\"wpb_wrapper vc_figure\">\n\t\t\t<div class=\"vc_single_image-wrapper   vc_box_border_grey\"><img loading=\"lazy\" decoding=\"async\" width=\"150\" height=\"150\" src=\"https:\/\/lawoffice.ba\/wp-content\/uploads\/2024\/08\/6-2-150x150.png\" class=\"vc_single_image-img attachment-thumbnail\" alt=\"\" title=\"6\" srcset=\"https:\/\/lawoffice.ba\/wp-content\/uploads\/2024\/08\/6-2-150x150.png 150w, https:\/\/lawoffice.ba\/wp-content\/uploads\/2024\/08\/6-2-300x300.png 300w, https:\/\/lawoffice.ba\/wp-content\/uploads\/2024\/08\/6-2-75x75.png 75w, https:\/\/lawoffice.ba\/wp-content\/uploads\/2024\/08\/6-2.png 500w\" sizes=\"auto, (max-width: 150px) 100vw, 150px\" \/><\/div>\n\t\t<\/figure>\n\t<\/div>\n<h3 style=\"text-align: left\" class=\"vc_custom_heading vc_do_custom_heading wpb_animate_when_almost_visible wpb_fadeInUp fadeInUp\" >Zakonodavno i legislativno pravo<\/h3>\n\t<div class=\"wpb_text_column wpb_content_element wpb_animate_when_almost_visible wpb_fadeInUp fadeInUp\" >\n\t\t<div class=\"wpb_wrapper\">\n\t\t\t<h4><span style=\"font-weight: 400;\">Uticanje na i snala\u017eenje u zakonodavnom procesu<\/span><\/h4>\n<p><b>Usluge koje nudimo:<\/b><\/p>\n<ul>\n<li style=\"font-weight: 400;\" aria-level=\"1\"><b>Razvoj politika:<\/b><span style=\"font-weight: 400;\"> Pomo\u0107 u nacrtu i pripremi novih zakona i propisa.<\/span><\/li>\n<li style=\"font-weight: 400;\" aria-level=\"1\"><b>Zakonodavno zastupanje<\/b><span style=\"font-weight: 400;\"> Predstavljanje interesa pred zakonodavnim tijelima.<\/span><\/li>\n<li style=\"font-weight: 400;\" aria-level=\"1\"><b>Regulatorna analiza<\/b><span style=\"font-weight: 400;\"> Procjena utjecaja predlo\u017eenih propisa.<\/span><\/li>\n<li style=\"font-weight: 400;\" aria-level=\"1\"><b>Javni istup i komentar:<\/b><span style=\"font-weight: 400;\"> Priprema i podno\u0161enje komentara na predlo\u017eena pravila.<\/span><\/li>\n<\/ul>\n\n\t\t<\/div>\n\t<\/div>\n<\/div><\/div><\/div><\/div><div class=\"vc_row-full-width vc_clearfix\"><\/div><div data-vc-full-width=\"true\" data-vc-full-width-init=\"false\" class=\"vc_row wpb_row vc_row-fluid vc_custom_1580380369919 vc_row-has-fill vc_column-gap-30\"><div class=\"wpb_column vc_column_container vc_col-sm-12\"><div class=\"vc_column-inner vc_custom_1517573645575\"><div class=\"wpb_wrapper\"><h4 style=\"line-height: 36px;text-align: center\" class=\"vc_custom_heading vc_do_custom_heading wpb_animate_when_almost_visible wpb_fadeInUp fadeInUp vc_custom_1722610201217\" >Za vi\u0161e detalja i zakazivanje konsultacija, posjetite na\u0161u kontakt stranicu i kontaktirajte nas putem emaila.<\/h4><\/div><\/div><\/div><\/div><div class=\"vc_row-full-width vc_clearfix\"><\/div>\n<\/div>","protected":false},"excerpt":{"rendered":"Practice Areas Human Rights Law &amp; Civil Rights Protecting individual freedoms and ensuring equality. Services Offered: Advocacy: Representation in cases of discrimination, freedom of speech, and other civil liberties. Consultation: Advising on compliance with human rights standards. Litigation: Pursuing legal action in cases of rights violations. Education: Training and workshops on human rights awareness. Civil [...]","protected":false},"author":1,"featured_media":0,"parent":0,"menu_order":0,"comment_status":"closed","ping_status":"closed","template":"","meta":{"site-sidebar-layout":"no-sidebar","site-content-layout":"plain-container","ast-site-content-layout":"default","site-content-style":"default","site-sidebar-style":"default","ast-global-header-display":"","ast-banner-title-visibility":"","ast-main-header-display":"","ast-hfb-above-header-display":"","ast-hfb-below-header-display":"","ast-hfb-mobile-header-display":"","site-post-title":"disabled","ast-breadcrumbs-content":"","ast-featured-img":"disabled","footer-sml-layout":"","theme-transparent-header-meta":"default","adv-header-id-meta":"","stick-header-meta":"","header-above-stick-meta":"","header-main-stick-meta":"","header-below-stick-meta":"","astra-migrate-meta-layouts":"set","ast-page-background-enabled":"default","ast-page-background-meta":{"desktop":{"background-color":"var(--ast-global-color-4)","background-image":"","background-repeat":"repeat","background-position":"center center","background-size":"auto","background-attachment":"scroll","background-type":"","background-media":"","overlay-type":"","overlay-color":"","overlay-opacity":"","overlay-gradient":""},"tablet":{"background-color":"","background-image":"","background-repeat":"repeat","background-position":"center center","background-size":"auto","background-attachment":"scroll","background-type":"","background-media":"","overlay-type":"","overlay-color":"","overlay-opacity":"","overlay-gradient":""},"mobile":{"background-color":"","background-image":"","background-repeat":"repeat","background-position":"center center","background-size":"auto","background-attachment":"scroll","background-type":"","background-media":"","overlay-type":"","overlay-color":"","overlay-opacity":"","overlay-gradient":""}},"ast-content-background-meta":{"desktop":{"background-color":"var(--ast-global-color-5)","background-image":"","background-repeat":"repeat","background-position":"center center","background-size":"auto","background-attachment":"scroll","background-type":"","background-media":"","overlay-type":"","overlay-color":"","overlay-opacity":"","overlay-gradient":""},"tablet":{"background-color":"var(--ast-global-color-5)","background-image":"","background-repeat":"repeat","background-position":"center center","background-size":"auto","background-attachment":"scroll","background-type":"","background-media":"","overlay-type":"","overlay-color":"","overlay-opacity":"","overlay-gradient":""},"mobile":{"background-color":"var(--ast-global-color-5)","background-image":"","background-repeat":"repeat","background-position":"center center","background-size":"auto","background-attachment":"scroll","background-type":"","background-media":"","overlay-type":"","overlay-color":"","overlay-opacity":"","overlay-gradient":""}},"iawp_total_views":110,"footnotes":""},"class_list":["post-9206","page","type-page","status-publish","hentry"],"aioseo_notices":[],"_links":{"self":[{"href":"https:\/\/lawoffice.ba\/bs\/wp-json\/wp\/v2\/pages\/9206","targetHints":{"allow":["GET"]}}],"collection":[{"href":"https:\/\/lawoffice.ba\/bs\/wp-json\/wp\/v2\/pages"}],"about":[{"href":"https:\/\/lawoffice.ba\/bs\/wp-json\/wp\/v2\/types\/page"}],"author":[{"embeddable":true,"href":"https:\/\/lawoffice.ba\/bs\/wp-json\/wp\/v2\/users\/1"}],"replies":[{"embeddable":true,"href":"https:\/\/lawoffice.ba\/bs\/wp-json\/wp\/v2\/comments?post=9206"}],"version-history":[{"count":0,"href":"https:\/\/lawoffice.ba\/bs\/wp-json\/wp\/v2\/pages\/9206\/revisions"}],"wp:attachment":[{"href":"https:\/\/lawoffice.ba\/bs\/wp-json\/wp\/v2\/media?parent=9206"}],"curies":[{"name":"wp","href":"https:\/\/api.w.org\/{rel}","templated":true}]}}