{"id":9222,"date":"2021-04-09T12:12:59","date_gmt":"2021-04-09T10:12:59","guid":{"rendered":"https:\/\/lawoffice.ba\/?page_id=9222"},"modified":"2024-08-14T13:44:55","modified_gmt":"2024-08-14T11:44:55","slug":"contacts","status":"publish","type":"page","link":"https:\/\/lawoffice.ba\/bs\/contacts\/","title":{"rendered":"Kontakt"},"content":{"rendered":"<div class=\"wpb-content-wrapper\"><div class=\"vc_row wpb_row vc_row-fluid vc_custom_1519121440370\"><div class=\"wpb_column vc_column_container vc_col-sm-4 vc_col-lg-3 vc_col-has-fill\"><div class=\"vc_column-inner vc_custom_1722874508945\"><div class=\"wpb_wrapper\"><div class=\"vc_empty_space\"   style=\"height: 40px\"><span class=\"vc_empty_space_inner\"><\/span><\/div><h3 style=\"font-size: 24px;color: #000000;text-align: left\" class=\"vc_custom_heading vc_do_custom_heading\" >Kontakt<\/h3>\n\t<div class=\"wpb_text_column wpb_content_element vc_custom_1722874460409\" >\n\t\t<div class=\"wpb_wrapper\">\n\t\t\t<p><strong>Email:<br \/>\n<\/strong>emina@lawoffice.ba<\/p>\n<h5><\/h5>\n<p><strong>Telefon:<br \/>\n<\/strong>+387 66 95 22 22<\/p>\n<p><strong>Adresa:<\/strong><br \/>\n\u0160enoina 16, Sarajevo 71000, Bosnia and Herzegovina<\/p>\n<h5><\/h5>\n\n\t\t<\/div>\n\t<\/div>\n<div class=\"vc_empty_space\"   style=\"height: 25px\"><span class=\"vc_empty_space_inner\"><\/span><\/div><\/div><\/div><\/div><div class=\"wpb_column vc_column_container vc_col-sm-8 vc_col-lg-9 vc_col-has-fill\"><div class=\"vc_column-inner vc_custom_1722598147173\"><div class=\"wpb_wrapper\"><div class=\"wpb_gmaps_widget wpb_content_element vc_custom_1722597983413\"><div class=\"wpb_wrapper\"><div class=\"wpb_map_wraper\"><iframe loading=\"lazy\" src=\"https:\/\/www.google.com\/maps\/embed?pb=!1m18!1m12!1m3!1d2876.8632361957725!2d18.417028750864212!3d43.858663279012276!2m3!1f0!2f0!3f0!3m2!1i1024!2i768!4f13.1!3m3!1m2!1s0x4758c8daa8c23c5f%3A0x5e295748e64c72f3!2s%C5%A0enoina%2016%2C%20Sarajevo%2071000%2C%20Bosnia%20and%20Herzegovina!5e0!3m2!1sen!2scz!4v1575583350307!5m2!1sen!2scz\" width=\"1920\" height=\"600\" frameborder=\"0\" style=\"border:0;\" allowfullscreen=\"\"><\/iframe><\/div><\/div><\/div><\/div><\/div><\/div><\/div><div class=\"vc_row wpb_row vc_row-fluid\"><div class=\"wpb_column vc_column_container vc_col-sm-12\"><div class=\"vc_column-inner\"><div class=\"wpb_wrapper\"><div class=\"vc_empty_space\"   style=\"height: 52px\"><span class=\"vc_empty_space_inner\"><\/span><\/div><\/div><\/div><\/div><\/div><div data-vc-full-width=\"true\" data-vc-full-width-init=\"false\" class=\"vc_row wpb_row vc_row-fluid vc_custom_1723635813400 vc_row-has-fill\"><div class=\"wpb_column vc_column_container vc_col-sm-12\"><div class=\"vc_column-inner\"><div class=\"wpb_wrapper\"><h2 style=\"text-align: left\" class=\"vc_custom_heading vc_do_custom_heading\" >IMPRESSUM<\/h2><h3 style=\"text-align: left\" class=\"vc_custom_heading vc_do_custom_heading\" >Upoznajte autore<\/h3>\n\t<div class=\"wpb_text_column wpb_content_element\" >\n\t\t<div class=\"wpb_wrapper\">\n\t\t\t<p><span style=\"font-weight: 400;\">Dizajn koji vidite na ovoj web stranici djelo je Vanje Lazi\u0107a i kreativne agencije VERKLAREN.\u00a0<\/span><\/p>\n\n\t\t<\/div>\n\t<\/div>\n<\/div><\/div><\/div><\/div><div class=\"vc_row-full-width vc_clearfix\"><\/div><div data-vc-full-width=\"true\" data-vc-full-width-init=\"false\" class=\"vc_row wpb_row vc_row-fluid\"><div class=\"wpb_column vc_column_container vc_col-sm-6\"><div class=\"vc_column-inner\"><div class=\"wpb_wrapper\"><h4 style=\"text-align: left\" class=\"vc_custom_heading vc_do_custom_heading\" >Vanja Lazi\u0107<\/h4>\n\t<div class=\"wpb_text_column wpb_content_element\" >\n\t\t<div class=\"wpb_wrapper\">\n\t\t\t<p><span style=\"font-weight: 400;\">Lazi\u0107 je umjetnica i ilustratorica koja stvara umjetni\u010dka djela koja prikazuju fascinantan, haoti\u010dan i lijep svijet oko nje.<\/span><span style=\"font-weight: 400;\">.\u00a0 <\/span><span style=\"font-weight: 400;\">Vanja Lazi\u0107 je grafi\u010dka dizajnerka i ilustratorica. Diplomirala je na Akademiji likovnih umjetnosti u Sarajevu, Odsjek za dizajn proizvoda. Sa vi\u0161e od 12 godina iskustva u oblasti grafi\u010dkog dizajna, tokom kojih je uspje\u0161no sara\u0111ivala s organizacijama iz razli\u010ditih sektora ljudskih prava, ekonomije i za\u0161tite prirode. <\/span><\/p>\n<p><span style=\"font-weight: 400;\">U svom radu kao ilustratorica, fokusirala se na upotrebu ilustracije (digitalne i tradicionalne) u doprinosu podizanju svijesti i dru\u0161tveno odgovornih projekata.\u00a0\u00a0<\/span><\/p>\n<p><span style=\"font-weight: 400;\">Saznajte o Vanji <a href=\"https:\/\/www.behance.net\/lazic\" target=\"_blank\" rel=\"noopener\">klikom ovdje.<\/a><\/span><\/p>\n\n\t\t<\/div>\n\t<\/div>\n<\/div><\/div><\/div><div class=\"wpb_column vc_column_container vc_col-sm-6\"><div class=\"vc_column-inner\"><div class=\"wpb_wrapper\"><h4 style=\"text-align: left\" class=\"vc_custom_heading vc_do_custom_heading\" >VERKLAREN Kft.<\/h4>\n\t<div class=\"wpb_text_column wpb_content_element\" >\n\t\t<div class=\"wpb_wrapper\">\n\t\t\t<p>VERKLAREN sara\u0111uje s brendovima, klijentima i marketin\u0161kim agencijama kako bi isporu\u010dili izuzetan sadr\u017eaj koji unapre\u0111uje identitet brenda.<\/p>\n<p>Sa posve\u0107eno\u0161\u0107u potpunoj transparentnosti na svakom koraku, VERKLAREN osigurava da vizije klijenata o\u017eive kroz dojmljiv grafi\u010dki dizajn, kreativne video animacije i efektne prezentacije web stranica.<\/p>\n<p>Njihov tim mo\u017ee vam pomo\u0107i da prika\u017eete ko ste i \u0161ta nudite na najsvje\u017eiji mogu\u0107i na\u010din, podsti\u010du\u0107i razvoj i uspjeh va\u0161eg brenda.<\/p>\n<p>Radove kreativne agencije VERKLAREN pogledajte <a href=\"https:\/\/verklaren.space\/\" target=\"_blank\" rel=\"noopener\">klikom ovdje.<\/a><\/p>\n\n\t\t<\/div>\n\t<\/div>\n<\/div><\/div><\/div><\/div><div class=\"vc_row-full-width vc_clearfix\"><\/div>\n<\/div>","protected":false},"excerpt":{"rendered":"Contact Info Email: emina@lawoffice.ba Telephone: +387 66 95 22 22 Adress: \u0160enoina 16, Sarajevo 71000, Bosnia and Herzegovina IMPRESSUMMeet the Artists Much of the art you see throughout this website is the work of Vanja Lazi\u0107 and VERKLAREN creative agency.\u00a0 Vanja Lazi\u0107 Lazi\u0107 is an artist and illustrator who produces artwork that captures the fascinating, [...]","protected":false},"author":1,"featured_media":0,"parent":0,"menu_order":0,"comment_status":"closed","ping_status":"closed","template":"","meta":{"site-sidebar-layout":"no-sidebar","site-content-layout":"plain-container","ast-site-content-layout":"default","site-content-style":"default","site-sidebar-style":"default","ast-global-header-display":"","ast-banner-title-visibility":"","ast-main-header-display":"","ast-hfb-above-header-display":"","ast-hfb-below-header-display":"","ast-hfb-mobile-header-display":"","site-post-title":"disabled","ast-breadcrumbs-content":"","ast-featured-img":"disabled","footer-sml-layout":"","theme-transparent-header-meta":"default","adv-header-id-meta":"","stick-header-meta":"","header-above-stick-meta":"","header-main-stick-meta":"","header-below-stick-meta":"","astra-migrate-meta-layouts":"set","ast-page-background-enabled":"default","ast-page-background-meta":{"desktop":{"background-color":"var(--ast-global-color-4)","background-image":"","background-repeat":"repeat","background-position":"center center","background-size":"auto","background-attachment":"scroll","background-type":"","background-media":"","overlay-type":"","overlay-color":"","overlay-opacity":"","overlay-gradient":""},"tablet":{"background-color":"","background-image":"","background-repeat":"repeat","background-position":"center center","background-size":"auto","background-attachment":"scroll","background-type":"","background-media":"","overlay-type":"","overlay-color":"","overlay-opacity":"","overlay-gradient":""},"mobile":{"background-color":"","background-image":"","background-repeat":"repeat","background-position":"center center","background-size":"auto","background-attachment":"scroll","background-type":"","background-media":"","overlay-type":"","overlay-color":"","overlay-opacity":"","overlay-gradient":""}},"ast-content-background-meta":{"desktop":{"background-color":"var(--ast-global-color-5)","background-image":"","background-repeat":"repeat","background-position":"center center","background-size":"auto","background-attachment":"scroll","background-type":"","background-media":"","overlay-type":"","overlay-color":"","overlay-opacity":"","overlay-gradient":""},"tablet":{"background-color":"var(--ast-global-color-5)","background-image":"","background-repeat":"repeat","background-position":"center center","background-size":"auto","background-attachment":"scroll","background-type":"","background-media":"","overlay-type":"","overlay-color":"","overlay-opacity":"","overlay-gradient":""},"mobile":{"background-color":"var(--ast-global-color-5)","background-image":"","background-repeat":"repeat","background-position":"center center","background-size":"auto","background-attachment":"scroll","background-type":"","background-media":"","overlay-type":"","overlay-color":"","overlay-opacity":"","overlay-gradient":""}},"iawp_total_views":118,"footnotes":""},"class_list":["post-9222","page","type-page","status-publish","hentry"],"aioseo_notices":[],"_links":{"self":[{"href":"https:\/\/lawoffice.ba\/bs\/wp-json\/wp\/v2\/pages\/9222","targetHints":{"allow":["GET"]}}],"collection":[{"href":"https:\/\/lawoffice.ba\/bs\/wp-json\/wp\/v2\/pages"}],"about":[{"href":"https:\/\/lawoffice.ba\/bs\/wp-json\/wp\/v2\/types\/page"}],"author":[{"embeddable":true,"href":"https:\/\/lawoffice.ba\/bs\/wp-json\/wp\/v2\/users\/1"}],"replies":[{"embeddable":true,"href":"https:\/\/lawoffice.ba\/bs\/wp-json\/wp\/v2\/comments?post=9222"}],"version-history":[{"count":0,"href":"https:\/\/lawoffice.ba\/bs\/wp-json\/wp\/v2\/pages\/9222\/revisions"}],"wp:attachment":[{"href":"https:\/\/lawoffice.ba\/bs\/wp-json\/wp\/v2\/media?parent=9222"}],"curies":[{"name":"wp","href":"https:\/\/api.w.org\/{rel}","templated":true}]}}