{"id":9350,"date":"2024-06-07T13:17:46","date_gmt":"2024-06-07T11:17:46","guid":{"rendered":"https:\/\/lawoffice.ba\/?page_id=9350"},"modified":"2025-11-07T12:01:06","modified_gmt":"2025-11-07T11:01:06","slug":"publications","status":"publish","type":"page","link":"https:\/\/lawoffice.ba\/bs\/publications\/","title":{"rendered":"Publikacije"},"content":{"rendered":"<div class=\"wpb-content-wrapper\"><div class=\"vc_row wpb_row vc_row-fluid vc_custom_1722610480807 vc_row-has-fill\"><div class=\"wpb_column vc_column_container vc_col-sm-12\"><div class=\"vc_column-inner\"><div class=\"wpb_wrapper\"><h4 style=\"text-align: left\" class=\"vc_custom_heading vc_do_custom_heading wpb_animate_when_almost_visible wpb_fadeInUp fadeInUp\" >Dobrodo\u0161li u na\u0161u sekciju za publikacije, gdje dijelimo vrijedne uvide i stru\u010dnost o razli\u010ditim pravnim temama. Kao autori i koautori, doprinosili smo autorskim djelima koja slu\u017ee kao klju\u010dni resursi u pravnoj zajednici. Evo pregleda nekih od na\u0161ih istaknutih publikacija.<\/h4><\/div><\/div><\/div><\/div><div class=\"vc_row wpb_row vc_row-fluid vc_custom_1722610480807 vc_row-has-fill\"><div class=\"wpb_column vc_column_container vc_col-sm-4\"><div class=\"vc_column-inner\"><div class=\"wpb_wrapper\">\n\t<div  class=\"wpb_single_image wpb_content_element vc_align_left wpb_content_element wpb_animate_when_almost_visible wpb_fadeInUp fadeInUp\">\n\t\t\n\t\t<figure class=\"wpb_wrapper vc_figure\">\n\t\t\t<a href=\"https:\/\/www.sarajevopublishing.ba\/bs\/product\/1787\/zemljisnoknjizni-upisi-u-bh-zakonodavstvu-vrste-upisa-pravni-osnov-ucinci\" target=\"_blank\" class=\"vc_single_image-wrapper   vc_box_border_grey\"><img decoding=\"async\" class=\"vc_single_image-img\"  src=\"https:\/\/www.sarajevopublishing.ba\/media\/image\/3066\/original\/Zabiljezbe_Korice.jpg\" \/><\/a>\n\t\t<\/figure>\n\t<\/div>\n\n\t<div class=\"wpb_text_column wpb_content_element\" >\n\t\t<div class=\"wpb_wrapper\">\n\t\t\t<p><b>Koautor:<\/b><span style=\"font-weight: 400;\"> U ovoj opse\u017enoj publikaciji, detaljno istra\u017eujemo slo\u017eenost zakona o registraciji zemlji\u0161ta u Bosni i Hercegovini (BiH). Na\u0161 rad pru\u017ea detaljnu analizu pravnog okvira koji reguli\u0161e procese registracije zemlji\u0161ta, nude\u0107i neprocjenjivo vo\u0111enje pravnim stru\u010dnjacima, donosiocima odluka i svim zainteresovanim stranama uklju\u010denim u transakcije s nekretninama.<\/span><\/p>\n<p><br style=\"font-weight: 400;\" \/><br style=\"font-weight: 400;\" \/><\/p>\n\n\t\t<\/div>\n\t<\/div>\n<\/div><\/div><\/div><div class=\"wpb_column vc_column_container vc_col-sm-4\"><div class=\"vc_column-inner\"><div class=\"wpb_wrapper\">\n\t<div  class=\"wpb_single_image wpb_content_element vc_align_left wpb_content_element wpb_animate_when_almost_visible wpb_fadeInUp fadeInUp\">\n\t\t\n\t\t<figure class=\"wpb_wrapper vc_figure\">\n\t\t\t<a href=\"https:\/\/lawoffice.ba\/wp-content\/uploads\/2024\/08\/InvestorsGuideInBiH_2020_21.pdf\" target=\"_blank\" class=\"vc_single_image-wrapper   vc_box_border_grey\"><img loading=\"lazy\" decoding=\"async\" width=\"874\" height=\"1260\" src=\"https:\/\/lawoffice.ba\/wp-content\/uploads\/2024\/08\/Screenshot-2024-08-02-at-16.59.47.png\" class=\"vc_single_image-img attachment-full\" alt=\"\" title=\"Screenshot 2024-08-02 at 16.59.47\" srcset=\"https:\/\/lawoffice.ba\/wp-content\/uploads\/2024\/08\/Screenshot-2024-08-02-at-16.59.47.png 874w, https:\/\/lawoffice.ba\/wp-content\/uploads\/2024\/08\/Screenshot-2024-08-02-at-16.59.47-208x300.png 208w, https:\/\/lawoffice.ba\/wp-content\/uploads\/2024\/08\/Screenshot-2024-08-02-at-16.59.47-710x1024.png 710w, https:\/\/lawoffice.ba\/wp-content\/uploads\/2024\/08\/Screenshot-2024-08-02-at-16.59.47-768x1107.png 768w\" sizes=\"auto, (max-width: 874px) 100vw, 874px\" \/><\/a>\n\t\t<\/figure>\n\t<\/div>\n\n\t<div class=\"wpb_text_column wpb_content_element\" >\n\t\t<div class=\"wpb_wrapper\">\n\t\t\t<p><b>Koautor:<\/b><span style=\"font-weight: 400;\"> \u201ePoslovni vodi\u010d za investitore - Restart\u201c je zajedni\u010dki rad usmjeren na pomo\u0107 preduze\u0107ima u snala\u017eenju kroz slo\u017eenosti ponovnog pokretanja poslovanja. Kao koautori, doprinosili smo na\u0161im stru\u010dnim znanjem ovom prakti\u010dnom vodi\u010du, nude\u0107i strate\u0161ke savjete i pravne uvide preduzetnicima i vlasnicima firmi koji \u017eele da se prilagode i napreduju u izazovnim vremenima.<\/span><\/p>\n<p><br style=\"font-weight: 400;\" \/><br style=\"font-weight: 400;\" \/><\/p>\n\n\t\t<\/div>\n\t<\/div>\n<\/div><\/div><\/div><div class=\"wpb_column vc_column_container vc_col-sm-4\"><div class=\"vc_column-inner\"><div class=\"wpb_wrapper\">\n\t<div  class=\"wpb_single_image wpb_content_element vc_align_left wpb_content_element wpb_animate_when_almost_visible wpb_fadeInUp fadeInUp\">\n\t\t\n\t\t<figure class=\"wpb_wrapper vc_figure\">\n\t\t\t<a href=\"https:\/\/www.ceeol.com\/search\/chapter-detail?id=745040\" target=\"_blank\" class=\"vc_single_image-wrapper   vc_box_border_grey\"><img loading=\"lazy\" decoding=\"async\" width=\"1246\" height=\"1738\" src=\"https:\/\/lawoffice.ba\/wp-content\/uploads\/2024\/08\/Screenshot-2024-08-02-at-17.05.58.jpg\" class=\"vc_single_image-img attachment-full\" alt=\"\" title=\"Screenshot 2024-08-02 at 17.05.58\" srcset=\"https:\/\/lawoffice.ba\/wp-content\/uploads\/2024\/08\/Screenshot-2024-08-02-at-17.05.58.jpg 1246w, https:\/\/lawoffice.ba\/wp-content\/uploads\/2024\/08\/Screenshot-2024-08-02-at-17.05.58-215x300.jpg 215w, https:\/\/lawoffice.ba\/wp-content\/uploads\/2024\/08\/Screenshot-2024-08-02-at-17.05.58-734x1024.jpg 734w, https:\/\/lawoffice.ba\/wp-content\/uploads\/2024\/08\/Screenshot-2024-08-02-at-17.05.58-768x1071.jpg 768w, https:\/\/lawoffice.ba\/wp-content\/uploads\/2024\/08\/Screenshot-2024-08-02-at-17.05.58-1101x1536.jpg 1101w\" sizes=\"auto, (max-width: 1246px) 100vw, 1246px\" \/><\/a>\n\t\t<\/figure>\n\t<\/div>\n\n\t<div class=\"wpb_text_column wpb_content_element\" >\n\t\t<div class=\"wpb_wrapper\">\n\t\t\t<p><b>Koautor:<\/b><span style=\"font-weight: 400;\">: <\/span><span style=\"font-weight: 400;\">Ova knjiga rasvjetljava period prijelaza obilje\u017een vladavinom Austro-Ugarske, istra\u017euju\u0107i kako je utjecala na \u017eivote i uloge \u017eena u Bosni i Hercegovini tokom 19. stolje\u0107a. Kroz narative klju\u010dnih figura kao \u0161to su Staka Skenderova, Milena Mrazovi\u0107-Preindlsberger, Adeline Paulina Irby i Umihana \u010cuvidina, knjiga istra\u017euje slo\u017eenost rodnih dinamika, kulturnih promjena i dru\u0161tvenih transformacija tog vremena. Pru\u017ea nijansirano razumijevanje me\u0111usobnog preplitanja tradicije i savremenog, kao i vi\u0161eslojnih iskustava \u017eena koje su navigirale kroz ove promjenjive okvire.<\/span><\/p>\n\n\t\t<\/div>\n\t<\/div>\n<\/div><\/div><\/div><\/div><div class=\"vc_row wpb_row vc_row-fluid vc_custom_1722610480807 vc_row-has-fill\"><div class=\"wpb_column vc_column_container vc_col-sm-4\"><div class=\"vc_column-inner\"><div class=\"wpb_wrapper\">\n\t<div  class=\"wpb_single_image wpb_content_element vc_align_left wpb_content_element wpb_animate_when_almost_visible wpb_fadeInUp fadeInUp\">\n\t\t\n\t\t<figure class=\"wpb_wrapper vc_figure\">\n\t\t\t<a href=\"http:\/\/lawoffice.ba\/wp-content\/uploads\/2025\/11\/Smjernice-za-organizovanje-javnih-skupova.pdf\" target=\"_blank\" class=\"vc_single_image-wrapper   vc_box_border_grey\"><img decoding=\"async\" class=\"vc_single_image-img\" src=\"https:\/\/lawoffice.ba\/wp-content\/uploads\/2025\/11\/Smjernice-za-organizovanje-protesta-u-BiH-420x600.png\" width=\"420\" height=\"600\" alt=\"Smjernice za organizovanje protesta u BiH\" title=\"Smjernice za organizovanje protesta u BiH\" loading=\"lazy\" \/><\/a>\n\t\t<\/figure>\n\t<\/div>\n\n\t<div class=\"wpb_text_column wpb_content_element\" >\n\t\t<div class=\"wpb_wrapper\">\n\t\t\t<p><strong>Koautor:<\/strong> In this comprehensive publication, I delve into the intricacies of public assembly regulation in the Federation of Bosnia and Herzegovina (BiH) legislation. My work provides a detailed analysis of the complex legal framework governing public gatherings across the ten cantons, offering invaluable guidance to civil society organizations, human rights defenders, activists, policymakers, and legal professionals navigating the multifaceted procedural requirements and jurisdictional variations inherent in organizing public assemblies.<\/p>\n<p><br style=\"font-weight: 400;\" \/><br style=\"font-weight: 400;\" \/><\/p>\n\n\t\t<\/div>\n\t<\/div>\n<\/div><\/div><\/div><div class=\"wpb_column vc_column_container vc_col-sm-4\"><div class=\"vc_column-inner\"><div class=\"wpb_wrapper\">\n\t<div  class=\"wpb_single_image wpb_content_element vc_align_left wpb_content_element wpb_animate_when_almost_visible wpb_fadeInUp fadeInUp\">\n\t\t\n\t\t<figure class=\"wpb_wrapper vc_figure\">\n\t\t\t<a href=\"http:\/\/lawoffice.ba\/wp-content\/uploads\/2025\/11\/Vodic_2025.pdf\" target=\"_blank\" class=\"vc_single_image-wrapper   vc_box_border_grey\"><img decoding=\"async\" class=\"vc_single_image-img\" src=\"https:\/\/lawoffice.ba\/wp-content\/uploads\/2025\/11\/Screenshot-2025-11-07-at-10.48.45-420x600.png\" width=\"420\" height=\"600\" alt=\"Screenshot 2025-11-07 at 10.48.45\" title=\"Screenshot 2025-11-07 at 10.48.45\" loading=\"lazy\" \/><\/a>\n\t\t<\/figure>\n\t<\/div>\n\n\t<div class=\"wpb_text_column wpb_content_element\" >\n\t\t<div class=\"wpb_wrapper\">\n\t\t\t<p><strong>Koautor:<\/strong> In this comprehensive publication, I delve into the intricacies of anti-gender mobilizations and resistance strategies across contemporary democracies. My work provides a detailed analysis of the complex landscape of anti-gender movements, their tactical frameworks, and far-reaching consequences, offering invaluable guidance to civil society organizations, human rights defenders, activists, policymakers, legal professionals, and gender equality advocates navigating the multifaceted challenges posed by organized opposition to gender equality initiatives and LGBTIQ+ rights.<\/p>\n\n\t\t<\/div>\n\t<\/div>\n<\/div><\/div><\/div><div class=\"wpb_column vc_column_container vc_col-sm-4\"><div class=\"vc_column-inner\"><div class=\"wpb_wrapper\">\n\t<div  class=\"wpb_single_image wpb_content_element vc_align_left wpb_content_element wpb_animate_when_almost_visible wpb_fadeInUp fadeInUp\">\n\t\t\n\t\t<figure class=\"wpb_wrapper vc_figure\">\n\t\t\t<a href=\"http:\/\/lawoffice.ba\/wp-content\/uploads\/2025\/11\/Nas-Ustav-BIH.pdf\" target=\"_blank\" class=\"vc_single_image-wrapper   vc_box_border_grey\"><img decoding=\"async\" class=\"vc_single_image-img\" src=\"https:\/\/lawoffice.ba\/wp-content\/uploads\/2025\/11\/Ustav-BiH-420x600.png\" width=\"420\" height=\"600\" alt=\"Ustav BiH\" title=\"Ustav BiH\" loading=\"lazy\" \/><\/a>\n\t\t<\/figure>\n\t<\/div>\n\n\t<div class=\"wpb_text_column wpb_content_element\" >\n\t\t<div class=\"wpb_wrapper\">\n\t\t\t<p><strong>Koautor:<\/strong> In this comprehensive publication, I examine the fundamental importance of gender equality as a cornerstone of contemporary democratic governance and societal progress. The publication centers on the strategic initiatives undertaken by civil society actors to advance constitutional recognition of gender rights, offering invaluable guidance to constitutional reformers, policymakers, gender equality advocates, human rights defenders, and legal professionals engaged in strengthening constitutional protections for women and gender minorities.<\/p>\n\n\t\t<\/div>\n\t<\/div>\n<\/div><\/div><\/div><\/div><div class=\"vc_row wpb_row vc_row-fluid vc_custom_1722610480807 vc_row-has-fill\"><div class=\"wpb_column vc_column_container vc_col-sm-6\"><div class=\"vc_column-inner\"><div class=\"wpb_wrapper\">\n\t<div  class=\"wpb_single_image wpb_content_element vc_align_left wpb_content_element wpb_animate_when_almost_visible wpb_fadeInUp fadeInUp\">\n\t\t\n\t\t<figure class=\"wpb_wrapper vc_figure\">\n\t\t\t<a href=\"http:\/\/lawoffice.ba\/wp-content\/uploads\/2025\/11\/Migration-in-Bosnien-Herzegowina.pdf\" target=\"_blank\" class=\"vc_single_image-wrapper   vc_box_border_grey\"><img decoding=\"async\" class=\"vc_single_image-img\" src=\"https:\/\/lawoffice.ba\/wp-content\/uploads\/2025\/11\/Screenshot-2025-11-07-at-10.49.10-420x600.png\" width=\"420\" height=\"600\" alt=\"Screenshot 2025-11-07 at 10.49.10\" title=\"Screenshot 2025-11-07 at 10.49.10\" loading=\"lazy\" \/><\/a>\n\t\t<\/figure>\n\t<\/div>\n\n\t<div class=\"wpb_text_column wpb_content_element\" >\n\t\t<div class=\"wpb_wrapper\">\n\t\t\t<p><strong>Koautor:<\/strong>: In this comprehensive publication, I examine the complex dynamics of migration governance and European policy influence within the Balkan region. The publication offers invaluable guidance to policymakers, migration scholars, human rights defenders, civil society organizations, legal professionals, and governance experts navigating the multifaceted challenges of migration policy implementation, international cooperation mechanisms, and the evolving regulatory landscape governing migration and asylum procedures.<\/p>\n\n\t\t<\/div>\n\t<\/div>\n<\/div><\/div><\/div><div class=\"wpb_column vc_column_container vc_col-sm-6\"><div class=\"vc_column-inner\"><div class=\"wpb_wrapper\">\n\t<div  class=\"wpb_single_image wpb_content_element vc_align_left wpb_content_element wpb_animate_when_almost_visible wpb_fadeInUp fadeInUp\">\n\t\t\n\t\t<figure class=\"wpb_wrapper vc_figure\">\n\t\t\t<a href=\"https:\/\/www.sigmaweb.org\/en\/publications\/the-functioning-of-administrative-judiciaries-in-the-western-balkans_6499dad5-en.html\" target=\"_blank\" class=\"vc_single_image-wrapper   vc_box_border_grey\"><img loading=\"lazy\" decoding=\"async\" width=\"2048\" height=\"1070\" src=\"https:\/\/lawoffice.ba\/wp-content\/uploads\/2025\/11\/59af3cee-3451-4921-800b-743d6f6d4cc1.jpeg\" class=\"vc_single_image-img attachment-full\" alt=\"\" title=\"59af3cee-3451-4921-800b-743d6f6d4cc1\" srcset=\"https:\/\/lawoffice.ba\/wp-content\/uploads\/2025\/11\/59af3cee-3451-4921-800b-743d6f6d4cc1.jpeg 2048w, https:\/\/lawoffice.ba\/wp-content\/uploads\/2025\/11\/59af3cee-3451-4921-800b-743d6f6d4cc1-300x157.jpeg 300w, https:\/\/lawoffice.ba\/wp-content\/uploads\/2025\/11\/59af3cee-3451-4921-800b-743d6f6d4cc1-1024x535.jpeg 1024w, https:\/\/lawoffice.ba\/wp-content\/uploads\/2025\/11\/59af3cee-3451-4921-800b-743d6f6d4cc1-768x401.jpeg 768w, https:\/\/lawoffice.ba\/wp-content\/uploads\/2025\/11\/59af3cee-3451-4921-800b-743d6f6d4cc1-1536x803.jpeg 1536w, https:\/\/lawoffice.ba\/wp-content\/uploads\/2025\/11\/59af3cee-3451-4921-800b-743d6f6d4cc1-18x9.jpeg 18w\" sizes=\"auto, (max-width: 2048px) 100vw, 2048px\" \/><\/a>\n\t\t<\/figure>\n\t<\/div>\n\n\t<div class=\"wpb_text_column wpb_content_element\" >\n\t\t<div class=\"wpb_wrapper\">\n\t\t\t<p><strong>Koautor:<\/strong> In this comprehensive publication, I delve into the intricacies of anti-gender mobilizations and resistance strategies across contemporary democracies. My work provides a detailed analysis of the complex landscape of anti-gender movements, their tactical frameworks, and far-reaching consequences, offering invaluable guidance to civil society organizations, human rights defenders, activists, policymakers, legal professionals, and gender equality advocates navigating the multifaceted challenges posed by organized opposition to gender equality initiatives and LGBTIQ+ rights.<\/p>\n\n\t\t<\/div>\n\t<\/div>\n<\/div><\/div><\/div><\/div>\n<\/div>","protected":false},"excerpt":{"rendered":"Welcome to our publications section, where we share valuable insights and expertise on various legal topics. As authors and co-authors, we have contributed to authoritative works that serve as essential resources in the legal community. Here's a glimpse of some of our featured publications: As Co-author: In this comprehensive publication, we delve into the intricacies [...]","protected":false},"author":3,"featured_media":0,"parent":0,"menu_order":0,"comment_status":"closed","ping_status":"closed","template":"","meta":{"site-sidebar-layout":"no-sidebar","site-content-layout":"plain-container","ast-site-content-layout":"default","site-content-style":"default","site-sidebar-style":"default","ast-global-header-display":"","ast-banner-title-visibility":"","ast-main-header-display":"","ast-hfb-above-header-display":"","ast-hfb-below-header-display":"","ast-hfb-mobile-header-display":"","site-post-title":"disabled","ast-breadcrumbs-content":"","ast-featured-img":"disabled","footer-sml-layout":"","theme-transparent-header-meta":"default","adv-header-id-meta":"","stick-header-meta":"","header-above-stick-meta":"","header-main-stick-meta":"","header-below-stick-meta":"","astra-migrate-meta-layouts":"set","ast-page-background-enabled":"default","ast-page-background-meta":{"desktop":{"background-color":"var(--ast-global-color-4)","background-image":"","background-repeat":"repeat","background-position":"center center","background-size":"auto","background-attachment":"scroll","background-type":"","background-media":"","overlay-type":"","overlay-color":"","overlay-opacity":"","overlay-gradient":""},"tablet":{"background-color":"","background-image":"","background-repeat":"repeat","background-position":"center center","background-size":"auto","background-attachment":"scroll","background-type":"","background-media":"","overlay-type":"","overlay-color":"","overlay-opacity":"","overlay-gradient":""},"mobile":{"background-color":"","background-image":"","background-repeat":"repeat","background-position":"center center","background-size":"auto","background-attachment":"scroll","background-type":"","background-media":"","overlay-type":"","overlay-color":"","overlay-opacity":"","overlay-gradient":""}},"ast-content-background-meta":{"desktop":{"background-color":"var(--ast-global-color-5)","background-image":"","background-repeat":"repeat","background-position":"center center","background-size":"auto","background-attachment":"scroll","background-type":"","background-media":"","overlay-type":"","overlay-color":"","overlay-opacity":"","overlay-gradient":""},"tablet":{"background-color":"var(--ast-global-color-5)","background-image":"","background-repeat":"repeat","background-position":"center center","background-size":"auto","background-attachment":"scroll","background-type":"","background-media":"","overlay-type":"","overlay-color":"","overlay-opacity":"","overlay-gradient":""},"mobile":{"background-color":"var(--ast-global-color-5)","background-image":"","background-repeat":"repeat","background-position":"center center","background-size":"auto","background-attachment":"scroll","background-type":"","background-media":"","overlay-type":"","overlay-color":"","overlay-opacity":"","overlay-gradient":""}},"iawp_total_views":82,"footnotes":""},"class_list":["post-9350","page","type-page","status-publish","hentry"],"aioseo_notices":[],"_links":{"self":[{"href":"https:\/\/lawoffice.ba\/bs\/wp-json\/wp\/v2\/pages\/9350","targetHints":{"allow":["GET"]}}],"collection":[{"href":"https:\/\/lawoffice.ba\/bs\/wp-json\/wp\/v2\/pages"}],"about":[{"href":"https:\/\/lawoffice.ba\/bs\/wp-json\/wp\/v2\/types\/page"}],"author":[{"embeddable":true,"href":"https:\/\/lawoffice.ba\/bs\/wp-json\/wp\/v2\/users\/3"}],"replies":[{"embeddable":true,"href":"https:\/\/lawoffice.ba\/bs\/wp-json\/wp\/v2\/comments?post=9350"}],"version-history":[{"count":12,"href":"https:\/\/lawoffice.ba\/bs\/wp-json\/wp\/v2\/pages\/9350\/revisions"}],"predecessor-version":[{"id":9967,"href":"https:\/\/lawoffice.ba\/bs\/wp-json\/wp\/v2\/pages\/9350\/revisions\/9967"}],"wp:attachment":[{"href":"https:\/\/lawoffice.ba\/bs\/wp-json\/wp\/v2\/media?parent=9350"}],"curies":[{"name":"wp","href":"https:\/\/api.w.org\/{rel}","templated":true}]}}