{"id":9351,"date":"2024-06-07T13:17:47","date_gmt":"2024-06-07T11:17:47","guid":{"rendered":"https:\/\/lawoffice.ba\/?page_id=9351"},"modified":"2024-08-21T12:32:41","modified_gmt":"2024-08-21T10:32:41","slug":"community-outreach","status":"publish","type":"page","link":"https:\/\/lawoffice.ba\/bs\/community-outreach\/","title":{"rendered":"Aktivnosti zajednice"},"content":{"rendered":"<div class=\"wpb-content-wrapper\"><div class=\"vc_row wpb_row vc_row-fluid vc_custom_1722610480807 vc_row-has-fill\"><div class=\"wpb_column vc_column_container vc_col-sm-12\"><div class=\"vc_column-inner\"><div class=\"wpb_wrapper\"><h4 style=\"text-align: left\" class=\"vc_custom_heading vc_do_custom_heading wpb_animate_when_almost_visible wpb_fadeInUp fadeInUp\" >U na\u0161oj pravnoj praksi, duboko smo posve\u0107eni anga\u017emanu u zajednici i aktivno sara\u0111ujemo s razli\u010ditim neformalnim grupama gra\u0111ana kako bismo se bavili klju\u010dnim pitanjima poput ljudskih prava, prava manjina, za\u0161tite okoli\u0161a i rodne ravnopravnosti.<\/h4><\/div><\/div><\/div><\/div><div class=\"vc_row wpb_row vc_row-fluid vc_custom_1722610480807 vc_row-has-fill\"><div class=\"wpb_column vc_column_container vc_col-sm-3\"><div class=\"vc_column-inner\"><div class=\"wpb_wrapper\">\n\t<div  class=\"wpb_single_image wpb_content_element vc_align_left wpb_content_element wpb_animate_when_almost_visible wpb_fadeInUp fadeInUp\">\n\t\t\n\t\t<figure class=\"wpb_wrapper vc_figure\">\n\t\t\t<a href=\"https:\/\/povorkaponosa.ba\" target=\"_blank\" class=\"vc_single_image-wrapper   vc_box_border_grey\"><img loading=\"lazy\" decoding=\"async\" width=\"500\" height=\"500\" src=\"https:\/\/lawoffice.ba\/wp-content\/uploads\/2024\/08\/2-1.png\" class=\"vc_single_image-img attachment-full\" alt=\"\" title=\"2\" srcset=\"https:\/\/lawoffice.ba\/wp-content\/uploads\/2024\/08\/2-1.png 500w, https:\/\/lawoffice.ba\/wp-content\/uploads\/2024\/08\/2-1-300x300.png 300w, https:\/\/lawoffice.ba\/wp-content\/uploads\/2024\/08\/2-1-150x150.png 150w\" sizes=\"auto, (max-width: 500px) 100vw, 500px\" \/><\/a>\n\t\t<\/figure>\n\t<\/div>\n\n\t<div class=\"wpb_text_column wpb_content_element wpb_animate_when_almost_visible wpb_fadeInUp fadeInUp\" >\n\t\t<div class=\"wpb_wrapper\">\n\t\t\t<p><a href=\"https:\/\/povorkaponosa.ba\/\"><b>BH Povorka ponosa<\/b><\/a><span style=\"font-weight: 400;\">: Pru\u017eamo pravnu podr\u0161ku i zagovaranje za BH. povorku ponosa, promoviraju\u0107i prava LGBTQ+ osoba i bore\u0107i se protiv diskriminacije.<\/span><\/p>\n\n\t\t<\/div>\n\t<\/div>\n<\/div><\/div><\/div><div class=\"wpb_column vc_column_container vc_col-sm-3\"><div class=\"vc_column-inner\"><div class=\"wpb_wrapper\">\n\t<div  class=\"wpb_single_image wpb_content_element vc_align_left wpb_content_element wpb_animate_when_almost_visible wpb_fadeInUp fadeInUp\">\n\t\t\n\t\t<figure class=\"wpb_wrapper vc_figure\">\n\t\t\t<a href=\"https:\/\/womencitizensforconstitutionalreform.wordpress.com\" target=\"_blank\" class=\"vc_single_image-wrapper   vc_box_border_grey\"><img decoding=\"async\" class=\"vc_single_image-img\" src=\"https:\/\/lawoffice.ba\/wp-content\/uploads\/2024\/08\/3-1.png\" width=\"500\" height=\"500\" alt=\"3\" title=\"3\" loading=\"lazy\" \/><\/a>\n\t\t<\/figure>\n\t<\/div>\n\n\t<div class=\"wpb_text_column wpb_content_element wpb_animate_when_almost_visible wpb_fadeInUp fadeInUp\" >\n\t\t<div class=\"wpb_wrapper\">\n\t\t\t<p><a href=\"https:\/\/womencitizensforconstitutionalreform.wordpress.com\/\"><b>\u017dene gra\u0111anke za ustavne reforme<\/b><\/a><b>:<\/b><span style=\"font-weight: 400;\"> Saradjujemo s ovom inicijativom kako bismo pokrenuli ustavne promjene koje unapre\u0111uju prava \u017eena i rodnu ravnopravnost.<\/span><\/p>\n\n\t\t<\/div>\n\t<\/div>\n<\/div><\/div><\/div><div class=\"wpb_column vc_column_container vc_col-sm-3\"><div class=\"vc_column-inner\"><div class=\"wpb_wrapper\">\n\t<div  class=\"wpb_single_image wpb_content_element vc_align_left wpb_content_element wpb_animate_when_almost_visible wpb_fadeInUp fadeInUp\">\n\t\t\n\t\t<figure class=\"wpb_wrapper vc_figure\">\n\t\t\t<a href=\"https:\/\/tmclub.eu\/portal.php?page=1&#038;c=1555\" target=\"_blank\" class=\"vc_single_image-wrapper   vc_box_border_grey\"><img loading=\"lazy\" decoding=\"async\" width=\"500\" height=\"500\" src=\"https:\/\/lawoffice.ba\/wp-content\/uploads\/2024\/08\/1-1.png\" class=\"vc_single_image-img attachment-full\" alt=\"\" title=\"1\" srcset=\"https:\/\/lawoffice.ba\/wp-content\/uploads\/2024\/08\/1-1.png 500w, https:\/\/lawoffice.ba\/wp-content\/uploads\/2024\/08\/1-1-300x300.png 300w, https:\/\/lawoffice.ba\/wp-content\/uploads\/2024\/08\/1-1-150x150.png 150w\" sizes=\"auto, (max-width: 500px) 100vw, 500px\" \/><\/a>\n\t\t<\/figure>\n\t<\/div>\n\n\t<div class=\"wpb_text_column wpb_content_element wpb_animate_when_almost_visible wpb_fadeInUp fadeInUp\" >\n\t\t<div class=\"wpb_wrapper\">\n\t\t\t<p><a href=\"https:\/\/tmclub.eu\/portal.php?page=1&amp;c=1555\"><b>Toastmasters Club Sarajevo<\/b><\/a><span style=\"font-weight: 400;\">: Kroz radionice i prezentacije, osna\u017eujemo pojedince da razviju svoje vje\u0161tine javnog govora i liderstva, podsti\u010du\u0107i informiraniju i anga\u017eovaniju zajednicu.<\/span><\/p>\n\n\t\t<\/div>\n\t<\/div>\n<\/div><\/div><\/div><div class=\"wpb_column vc_column_container vc_col-sm-3\"><div class=\"vc_column-inner\"><div class=\"wpb_wrapper\">\n\t<div  class=\"wpb_single_image wpb_content_element vc_align_left wpb_content_element wpb_animate_when_almost_visible wpb_fadeInUp fadeInUp\">\n\t\t\n\t\t<figure class=\"wpb_wrapper vc_figure\">\n\t\t\t<a href=\"https:\/\/aarhus.ba\" target=\"_blank\" class=\"vc_single_image-wrapper   vc_box_border_grey\"><img decoding=\"async\" class=\"vc_single_image-img\" src=\"https:\/\/lawoffice.ba\/wp-content\/uploads\/2024\/08\/Untitled-design.png\" width=\"500\" height=\"500\" alt=\"Untitled design\" title=\"Untitled design\" loading=\"lazy\" \/><\/a>\n\t\t<\/figure>\n\t<\/div>\n\n\t<div class=\"wpb_text_column wpb_content_element wpb_animate_when_almost_visible wpb_fadeInUp fadeInUp\" >\n\t\t<div class=\"wpb_wrapper\">\n\t\t\t<p><a href=\"https:\/\/aarhus.ba\/\"><b>AARHUS Centar, BiH:<\/b><\/a><span style=\"font-weight: 400;\">Saradjujemo s Aarhus centrom kako bismo podr\u017eali zagovaranje za\u0161tite okoli\u0161a, osiguravaju\u0107i da gra\u0111ani imaju pristup informacijama i pravdi u pitanjima za\u0161tite okoli\u0161a.<\/span><\/p>\n\n\t\t<\/div>\n\t<\/div>\n<\/div><\/div><\/div><\/div>\n<\/div>","protected":false},"excerpt":{"rendered":"At our legal practice, we are deeply committed to community outreach and actively engage with various informal citizens' groups to address critical issues such as human rights, minority rights, environmental protection, and gender equality. BH. Pride March: We provide legal support and advocacy for the BH. Pride March, promoting LGBTQ+ rights and fighting against discrimination. [...]","protected":false},"author":3,"featured_media":0,"parent":0,"menu_order":0,"comment_status":"closed","ping_status":"closed","template":"","meta":{"site-sidebar-layout":"no-sidebar","site-content-layout":"plain-container","ast-site-content-layout":"default","site-content-style":"default","site-sidebar-style":"default","ast-global-header-display":"","ast-banner-title-visibility":"","ast-main-header-display":"","ast-hfb-above-header-display":"","ast-hfb-below-header-display":"","ast-hfb-mobile-header-display":"","site-post-title":"disabled","ast-breadcrumbs-content":"","ast-featured-img":"disabled","footer-sml-layout":"","theme-transparent-header-meta":"default","adv-header-id-meta":"","stick-header-meta":"","header-above-stick-meta":"","header-main-stick-meta":"","header-below-stick-meta":"","astra-migrate-meta-layouts":"set","ast-page-background-enabled":"default","ast-page-background-meta":{"desktop":{"background-color":"var(--ast-global-color-4)","background-image":"","background-repeat":"repeat","background-position":"center center","background-size":"auto","background-attachment":"scroll","background-type":"","background-media":"","overlay-type":"","overlay-color":"","overlay-opacity":"","overlay-gradient":""},"tablet":{"background-color":"","background-image":"","background-repeat":"repeat","background-position":"center center","background-size":"auto","background-attachment":"scroll","background-type":"","background-media":"","overlay-type":"","overlay-color":"","overlay-opacity":"","overlay-gradient":""},"mobile":{"background-color":"","background-image":"","background-repeat":"repeat","background-position":"center center","background-size":"auto","background-attachment":"scroll","background-type":"","background-media":"","overlay-type":"","overlay-color":"","overlay-opacity":"","overlay-gradient":""}},"ast-content-background-meta":{"desktop":{"background-color":"var(--ast-global-color-5)","background-image":"","background-repeat":"repeat","background-position":"center center","background-size":"auto","background-attachment":"scroll","background-type":"","background-media":"","overlay-type":"","overlay-color":"","overlay-opacity":"","overlay-gradient":""},"tablet":{"background-color":"var(--ast-global-color-5)","background-image":"","background-repeat":"repeat","background-position":"center center","background-size":"auto","background-attachment":"scroll","background-type":"","background-media":"","overlay-type":"","overlay-color":"","overlay-opacity":"","overlay-gradient":""},"mobile":{"background-color":"var(--ast-global-color-5)","background-image":"","background-repeat":"repeat","background-position":"center center","background-size":"auto","background-attachment":"scroll","background-type":"","background-media":"","overlay-type":"","overlay-color":"","overlay-opacity":"","overlay-gradient":""}},"iawp_total_views":52,"footnotes":""},"class_list":["post-9351","page","type-page","status-publish","hentry"],"aioseo_notices":[],"_links":{"self":[{"href":"https:\/\/lawoffice.ba\/bs\/wp-json\/wp\/v2\/pages\/9351","targetHints":{"allow":["GET"]}}],"collection":[{"href":"https:\/\/lawoffice.ba\/bs\/wp-json\/wp\/v2\/pages"}],"about":[{"href":"https:\/\/lawoffice.ba\/bs\/wp-json\/wp\/v2\/types\/page"}],"author":[{"embeddable":true,"href":"https:\/\/lawoffice.ba\/bs\/wp-json\/wp\/v2\/users\/3"}],"replies":[{"embeddable":true,"href":"https:\/\/lawoffice.ba\/bs\/wp-json\/wp\/v2\/comments?post=9351"}],"version-history":[{"count":0,"href":"https:\/\/lawoffice.ba\/bs\/wp-json\/wp\/v2\/pages\/9351\/revisions"}],"wp:attachment":[{"href":"https:\/\/lawoffice.ba\/bs\/wp-json\/wp\/v2\/media?parent=9351"}],"curies":[{"name":"wp","href":"https:\/\/api.w.org\/{rel}","templated":true}]}}