{"id":9763,"date":"2024-08-15T10:29:10","date_gmt":"2024-08-15T08:29:10","guid":{"rendered":"https:\/\/lawoffice.ba\/?page_id=9763"},"modified":"2024-08-15T11:34:28","modified_gmt":"2024-08-15T09:34:28","slug":"news","status":"publish","type":"page","link":"https:\/\/lawoffice.ba\/bs\/news\/","title":{"rendered":"Vijesti"},"content":{"rendered":"<div class=\"wpb-content-wrapper\"><div data-vc-full-width=\"true\" data-vc-full-width-init=\"false\" class=\"vc_row wpb_row vc_row-fluid vc_custom_1723714438764 vc_row-has-fill\"><div class=\"wpb_column vc_column_container vc_col-sm-12\"><div class=\"vc_column-inner\"><div class=\"wpb_wrapper\"><h4 style=\"text-align: left\" class=\"vc_custom_heading vc_do_custom_heading wpb_animate_when_almost_visible wpb_fadeInUp fadeInUp\" >Advokatica Emina Z. Pintari\u0107 podijelila je vrijedne uvide o razli\u010ditim pravnim temama u brojnim medijskim intervjuima.<\/p>\n<p>Evo nekoliko njenih zna\u010dajnih doprinosa.<br \/>\n<\/h4><\/div><\/div><\/div><\/div><div class=\"vc_row-full-width vc_clearfix\"><\/div><div class=\"vc_row wpb_row vc_row-fluid vc_custom_1722610480807 vc_row-has-fill\"><div class=\"wpb_column vc_column_container vc_col-sm-6\"><div class=\"vc_column-inner\"><div class=\"wpb_wrapper\"><h4 style=\"text-align: left\" class=\"vc_custom_heading vc_do_custom_heading\" >N1: Za\u0161tita li\u010dnih podataka<\/h4><h6 style=\"text-align: left\" class=\"vc_custom_heading vc_do_custom_heading\" >17.05.2024: Hiljade adresa i brojeva telefona gra\u0111ana BiH su bili izlo\u017eeni na online direktoriju.<\/h6>\n\t<div class=\"wpb_text_column wpb_content_element wpb_animate_when_almost_visible wpb_fadeInUp fadeInUp\" >\n\t\t<div class=\"wpb_wrapper\">\n\t\t\t<p><span style=\"font-size: 16px;\">Gra\u0111ani Bosne i Hercegovine imaju nekoliko opcija osim podno\u0161enja pritu\u017ebi Agenciji za za\u0161titu li\u010dnih podataka, iako mnogi mo\u017eda nisu upoznati s njima, ka\u017ee advokatica Emina Zahirovi\u0107-Pintari\u0107. Ona savjetuje i pojedince i organizacije o za\u0161titi podataka i privatnosti, nagla\u0161avaju\u0107i da se neovla\u0161teno kori\u0161tenje li\u010dnih podataka mo\u017ee rije\u0161iti putem krivi\u010dnih prijava. Me\u0111utim, gra\u0111ani moraju sami pokrenuti ove postupke, jer nadle\u017eni organi to ne rade automatski. Zahirovi\u0107-Pintari\u0107 dijeli svoje li\u010dno iskustvo, gdje su njeni privatni podaci bili izlo\u017eeni na internetu, predstavljaju\u0107i potencijalnu prijetnju za njenu porodicu. Otkrila je da su njeni podaci uzeti iz javnih registara te je od tada zatra\u017eila njihovo uklanjanje, uz planove da poduzme pravne radnje ako bude potrebno.<\/span><\/p>\n\n\t\t<\/div>\n\t<\/div>\n<div class=\"vc_btn3-container vc_btn3-right vc_do_btn\" ><a class=\"vc_general vc_btn3 vc_btn3-size-md vc_btn3-shape-square vc_btn3-style-modern vc_btn3-color-grey\" href=\"https:\/\/n1info.ba\/vijesti\/hiljade-adresa-i-brojeva-bh-gradjana-objavljeno-na-internet-imeniku-na-meti-bio-i-poznati-bh-meteorolog\/\" title=\"\" target=\"_blank\">VIEW MORE<\/a><\/div><\/div><\/div><\/div><div class=\"wpb_column vc_column_container vc_col-sm-6\"><div class=\"vc_column-inner\"><div class=\"wpb_wrapper\"><h4 style=\"text-align: left\" class=\"vc_custom_heading vc_do_custom_heading\" >6yka.com: Freelanceri su podnijeli apelaciju Ustavnom sudu Federacije Bosne i Hercegovine<\/h4><h6 style=\"text-align: left\" class=\"vc_custom_heading vc_do_custom_heading\" >17.05.2024: Dr\u017eava uzima novac od freelancera, a ne nudi nikakva prava zauzvrat<\/h6>\n\t<div class=\"wpb_text_column wpb_content_element wpb_animate_when_almost_visible wpb_fadeInUp fadeInUp\" >\n\t\t<div class=\"wpb_wrapper\">\n\t\t\t<p>Advokatica Emina Zahirovi\u0107-Pintari\u0107 ukazuje na to da freelanceri nisu za\u0161ti\u0107eni u mnogim segmentima, uklju\u010duju\u0107i zdravstveno osiguranje, penzijsko osiguranje i druga prava koja bi trebala biti garantirana.<\/p>\n<p>Freelanceri u Bosni i Hercegovini suo\u010davaju se s problemima zbog nedostatka za\u0161tite i prava koja bi trebala biti povezana s njihovim radnim statusom. Iako pla\u0107aju poreze i doprinose, dr\u017eava ne nudi odgovaraju\u0107e beneficije i prava, \u0161to stvara ozbiljne izazove za ovu radnu grupu. Ova situacija stvara nesigurnost i dodatni teret za freelancere, koji moraju sami snositi tro\u0161kove za osnovne usluge, dok ne u\u017eivaju nikakve povlastice koje bi ina\u010de bili u mogu\u0107nosti ostvariti kao zaposleni radnici.<\/p>\n\n\t\t<\/div>\n\t<\/div>\n<div class=\"vc_btn3-container vc_btn3-right vc_do_btn\" ><a class=\"vc_general vc_btn3 vc_btn3-size-md vc_btn3-shape-square vc_btn3-style-modern vc_btn3-color-grey\" href=\"https:\/\/6yka.com\/bih\/freelanceri-idu-pred-ustavni-sud-fbih-drzava-im-uzima-novac-a-zauzvrat-im-ne-daje-nijedno-pravo\/?fbclid=IwZXh0bgNhZW0CMTEAAR3jBPz7wY9PxDgF57W1b_mikTrVvGomB8ulbihCMPgR-874oG0_0d9ANt8_aem_AXVWh7CLGFkajsQ3gxpEthkFnUiGTozK-ZUzsIMuXGxjaFZ_JoGclhzuqoQK227nYLkpcpkRPEKmu5qd5rAZlM3t\" title=\"\" target=\"_blank\">VIEW MORE<\/a><\/div><\/div><\/div><\/div><\/div><div class=\"vc_row wpb_row vc_row-fluid vc_custom_1722610480807 vc_row-has-fill\"><div class=\"wpb_column vc_column_container vc_col-sm-6\"><div class=\"vc_column-inner\"><div class=\"wpb_wrapper\"><h4 style=\"text-align: left\" class=\"vc_custom_heading vc_do_custom_heading\" >face.ba: Da li \u0107e Bosna i Hercegovina skratiti proces registracije vozila?<\/h4><h6 style=\"text-align: left\" class=\"vc_custom_heading vc_do_custom_heading\" >15.04.2024: Odr\u017ean okrugli sto o pojednostavljenju registracije vozila u Bosni i Hercegovini<\/h6>\n\t<div class=\"wpb_text_column wpb_content_element wpb_animate_when_almost_visible wpb_fadeInUp fadeInUp\" >\n\t\t<div class=\"wpb_wrapper\">\n\t\t\t<p>Emina Zahirovi\u0107-Pintari\u0107, predstavnica OECD\/SIGMA-e, istakla je slo\u017eenost procesa registracije vozila u Bosni i Hercegovini, gdje preko 1,2 miliona vozila podlije\u017ee 15 razli\u010ditih administrativnih procedura. Naglasila je da ove procedure, ure\u0111ene razli\u010ditim regionalnim propisima, dovode do nedosljednosti u tro\u0161kovima registracije vozila \u0161irom zemlje. Uvidi Zahirovi\u0107-Pintari\u0107 nagla\u0161avaju potrebu za koordiniranim naporima za pojednostavljenje ovih procesa, s ciljem efikasnije i ujedna\u010denije registracije vozila u cijeloj Bosni i Hercegovini.<\/p>\n\n\t\t<\/div>\n\t<\/div>\n<div class=\"vc_btn3-container vc_btn3-right vc_do_btn\" ><a class=\"vc_general vc_btn3 vc_btn3-size-md vc_btn3-shape-square vc_btn3-style-modern vc_btn3-color-grey\" href=\"https:\/\/face.ba\/vijesti\/vijest-koja-ce-obradovati-mnoge-skracuje-se-procedura-registrovanja-vozila-u-bih\/394033\/\" title=\"\" target=\"_blank\">VIEW MORE<\/a><\/div><\/div><\/div><\/div><div class=\"wpb_column vc_column_container vc_col-sm-6\"><div class=\"vc_column-inner\"><div class=\"wpb_wrapper\"><h4 style=\"text-align: left\" class=\"vc_custom_heading vc_do_custom_heading\" >Pravo na jezik<\/h4><h6 style=\"text-align: left\" class=\"vc_custom_heading vc_do_custom_heading\" >09.04.2024: Jezi\u010dka prava \u010desto osporavana u Bosni i Hercegovini<\/h6>\n\t<div class=\"wpb_text_column wpb_content_element wpb_animate_when_almost_visible wpb_fadeInUp fadeInUp\" >\n\t\t<div class=\"wpb_wrapper\">\n\t\t\t<p>Advokatica Emina Zahirovi\u0107 Pintari\u0107 isti\u010de da je pravni status jezika u obrazovnim institucijama \u0161irom Bosne i Hercegovine nedosljedan i \u010desto diskriminiraju\u0107i. Dok Ustav Bosne i Hercegovine nagla\u0161ava va\u017enost konstitutivnih naroda i njihovih jezika, kantonalni ustavi \u010desto odstupaju od ovog principa, \u0161to dovodi do marginalizacije odre\u0111enih jezika, posebno bosanskog i srpskog, i njihovih povezanih pisama. Zahirovi\u0107 Pintari\u0107 nagla\u0161ava da ova nedosljednost kr\u0161i ustavna prava, posebno u Republici Srpskoj, gdje se potkopava pravo na kori\u0161tenje i imenovanje vlastitog jezika.<\/p>\n\n\t\t<\/div>\n\t<\/div>\n<div class=\"vc_btn3-container vc_btn3-right vc_do_btn\" ><a class=\"vc_general vc_btn3 vc_btn3-size-md vc_btn3-shape-square vc_btn3-style-modern vc_btn3-color-grey\" href=\"https:\/\/dwp-balkan.org\/bs\/pravo-na-jezik-problemi-u-bih-i-kako-do-rjesenja\/\" title=\"\" target=\"_blank\">VIEW MORE<\/a><\/div><\/div><\/div><\/div><\/div><div class=\"vc_row wpb_row vc_row-fluid vc_custom_1722610480807 vc_row-has-fill\"><div class=\"wpb_column vc_column_container vc_col-sm-6\"><div class=\"vc_column-inner\"><div class=\"wpb_wrapper\"><h4 style=\"text-align: left\" class=\"vc_custom_heading vc_do_custom_heading\" >newipe.net: Ljudska prava i evropske integracije?<\/h4><h6 style=\"text-align: left\" class=\"vc_custom_heading vc_do_custom_heading\" >26.03.2024: Kako su ljudska prava nestala iz evropske integracije?<\/h6>\n\t<div class=\"wpb_text_column wpb_content_element wpb_animate_when_almost_visible wpb_fadeInUp fadeInUp\" >\n\t\t<div class=\"wpb_wrapper\">\n\t\t\t<p>Advokatica Emina Zahirovi\u0107 Pintari\u0107 isti\u010de da, iako Bosna i Hercegovina polako uskla\u0111uje svoje zakone s prioritetima integracije u EU, posebno u pogledu prava ranjivih grupa poput LGBT zajednice, implementacija i dalje nedostaje. Uprkos pravnom napretku, uklju\u010duju\u0107i usvajanje Akcionog plana o pravima LGBTIQ osoba, prakti\u010dna provedba je slaba, s problemima kao \u0161to su nedovoljno procesuiranje zlo\u010dina iz mr\u017enje i nedostatak priznavanja prava istospolnih parova. Osim toga, nedavni incidenti, poput zabrane parade ponosa LGBTIQ osoba u Banjoj Luci, nagla\u0161avaju trenutne izazove s kojima se suo\u010dava zajednica. Zahirovi\u0107 Pintari\u0107 smatra da je posve\u0107enost dr\u017eave ovim reformama upitna i da \u0107e vjerovatno biti odgo\u0111ena dok ne bude apsolutno neophodna.<\/p>\n\n\t\t<\/div>\n\t<\/div>\n<div class=\"vc_btn3-container vc_btn3-right vc_do_btn\" ><a class=\"vc_general vc_btn3 vc_btn3-size-md vc_btn3-shape-square vc_btn3-style-modern vc_btn3-color-grey\" href=\"https:\/\/www.newipe.net\/2024\/03\/26\/zasto-su-ljudska-prava-nestala-iz-evropskih-integracija\/\" title=\"\" target=\"_blank\">VIEW MORE<\/a><\/div><\/div><\/div><\/div><div class=\"wpb_column vc_column_container vc_col-sm-6\"><div class=\"vc_column-inner\"><div class=\"wpb_wrapper\"><h4 style=\"text-align: left\" class=\"vc_custom_heading vc_do_custom_heading\" >gerila.info: Godinu dana nakon napada u Banja Luci: Policija nije uspjela za\u0161tititi aktiviste i novinare<\/h4><h6 style=\"text-align: left\" class=\"vc_custom_heading vc_do_custom_heading\" >19.03.2024: Branitelji ljudskih prava suo\u010davaju se s posljedicama zbog javnog izra\u017eavanja svojih prava<\/h6>\n\t<div class=\"wpb_text_column wpb_content_element wpb_animate_when_almost_visible wpb_fadeInUp fadeInUp\" >\n\t\t<div class=\"wpb_wrapper\">\n\t\t\t<p>Ministarstvo unutra\u0161njih poslova Republike Srpske poni\u0161tilo je svoju prethodnu odluku i pristalo da pravnom timu Parade ponosa u BIH dostavi informacije o policajcima koji su u\u010destvovali u incidentu. Advokatica Emina Zahirovi\u0107-Pintari\u0107 izrazila je iznena\u0111enje ovim potezom, jer su o\u010dekivali nastavak otpora. Ovakav razvoj doga\u0111aja je klju\u010dan za pokretanje postupka protiv policajaca i za tra\u017eenje od\u0161tete od strane napadnutih aktivista.<\/p>\n<p>Ministarstvo sada ima rok od 30 dana da dostavi imena, \u0161to je klju\u010dni korak u pozivanju policajaca na odgovornost za njihov nemar tokom napada.<\/p>\n\n\t\t<\/div>\n\t<\/div>\n<div class=\"vc_btn3-container vc_btn3-right vc_do_btn\" ><a class=\"vc_general vc_btn3 vc_btn3-size-md vc_btn3-shape-square vc_btn3-style-modern vc_btn3-color-grey\" href=\"https:\/\/www.gerila.info\/godina-dana-od-napada-na-aktiviste-i-novinare-u-banjaluci-ko-su-policajci-koji-nisu-zastitili-napadnute-od-huligana\/\" title=\"\" target=\"_blank\">VIEW MORE<\/a><\/div><\/div><\/div><\/div><\/div><div class=\"vc_row wpb_row vc_row-fluid vc_custom_1722610480807 vc_row-has-fill\"><div class=\"wpb_column vc_column_container vc_col-sm-6\"><div class=\"vc_column-inner\"><div class=\"wpb_wrapper\"><h4 style=\"text-align: left\" class=\"vc_custom_heading vc_do_custom_heading\" >slobodnaevropa.org: LGBTQ prava<\/h4><h6 style=\"text-align: left\" class=\"vc_custom_heading vc_do_custom_heading\" >15.03.2024: Skup za prava LGBTQ osoba u Banja Luci otkazan zbog zabrinutosti oko nasilja<\/h6>\n\t<div class=\"wpb_text_column wpb_content_element wpb_animate_when_almost_visible wpb_fadeInUp fadeInUp\" >\n\t\t<div class=\"wpb_wrapper\">\n\t\t\t<p>Lawyer Emina Zahirovi\u0107-Pintari\u0107, a member of the Organizing Committee of the &#8220;BiH Pride Parade,&#8221; highlights that despite the rejection of criminal charges against RS President Milorad Dodik and Banja Luka Mayor Dra\u0161ko Stanivukovi\u0107 for inciting hatred and violence against the LGBTQ community, the legal team was not informed about the order to halt the investigation. Zahirovi\u0107-Pintari\u0107 also emphasizes that the committee has appealed to the Constitutional Court of Bosnia and Herzegovina, accusing Republika Srpska of failing to protect the LGBTQ community from violence. She notes that some attackers boasted on social media, making it easy for the prosecution to identify suspects.<\/p>\n\n\t\t<\/div>\n\t<\/div>\n<div class=\"vc_btn3-container vc_btn3-right vc_do_btn\" ><a class=\"vc_general vc_btn3 vc_btn3-size-md vc_btn3-shape-square vc_btn3-style-modern vc_btn3-color-grey\" href=\"https:\/\/www.slobodnaevropa.org\/a\/bih-lgbt-banjaluka\/32863354.html\" title=\"\" target=\"_blank\">VIEW MORE<\/a><\/div><\/div><\/div><\/div><div class=\"wpb_column vc_column_container vc_col-sm-6\"><div class=\"vc_column-inner\"><div class=\"wpb_wrapper\"><h4 style=\"text-align: left\" class=\"vc_custom_heading vc_do_custom_heading\" >6yka.com: Zakon o pomilovanju<\/h4><h6 style=\"text-align: left\" class=\"vc_custom_heading vc_do_custom_heading\" >07.03.2024: Rasprava o predlo\u017eenim izmjenama Zakona o pomilovanju nakon zahtjeva biv\u0161eg premijera Novali\u0107a<\/h6>\n\t<div class=\"wpb_text_column wpb_content_element wpb_animate_when_almost_visible wpb_fadeInUp fadeInUp\" >\n\t\t<div class=\"wpb_wrapper\">\n\t\t\t<div class=\"flex-shrink-0 flex flex-col relative items-end\">\n<div>\n<div class=\"pt-0\">\n<div class=\"gizmo-bot-avatar flex h-8 w-8 items-center justify-center overflow-hidden rounded-full\">\n<div class=\"relative p-1 rounded-sm flex items-center justify-center bg-token-main-surface-primary text-token-text-primary h-8 w-8\"><\/div>\n<\/div>\n<\/div>\n<\/div>\n<\/div>\n<div class=\"group\/conversation-turn relative flex w-full min-w-0 flex-col agent-turn\">\n<div class=\"flex-col gap-1 md:gap-3\">\n<div class=\"flex max-w-full flex-col flex-grow\">\n<div class=\"min-h-&#091;20px&#093; text-message flex w-full flex-col items-end gap-2 whitespace-pre-wrap break-words &#091;.text-message+&amp;&#093;:mt-5 overflow-x-auto\" dir=\"auto\" data-message-author-role=\"assistant\" data-message-id=\"b58e74c5-6900-4145-a5bf-c0c100c6d383\">\n<div class=\"flex w-full flex-col gap-1 empty:hidden first:pt-&#091;3px&#093;\">\n<div class=\"markdown prose w-full break-words dark:prose-invert light\">\n<p>Advokatica Emina Zahirovi\u0107 Pintari\u0107 obja\u0161njava da se, prema Poslovniku Predsjedni\u0161tva BiH, odluka o pomilovanju za Novali\u0107a mo\u017ee donijeti prostom ve\u0107inom bez potrebe za konsenzusom svih \u010dlanova. Ona isti\u010de potrebu za reformom Zakona o pomilovanju u Bosni i Hercegovini, posebno kako bi se uklju\u010dili zlo\u010dini poput politi\u010dke korupcije, kako bi se sprije\u010dila zloupotreba ovlasti i izbjeglo slanje poruke da se zakon primjenjuje selektivno. Zahirovi\u0107 Pintari\u0107 tvrdi da su takve reforme neophodne za odr\u017eavanje povjerenja javnosti i osiguravanje da proces pomilovanja ne potkopava vladavinu prava.<\/p>\n<\/div>\n<\/div>\n<\/div>\n<\/div>\n<\/div>\n<\/div>\n\n\t\t<\/div>\n\t<\/div>\n<div class=\"vc_btn3-container vc_btn3-right vc_do_btn\" ><a class=\"vc_general vc_btn3 vc_btn3-size-md vc_btn3-shape-square vc_btn3-style-modern vc_btn3-color-grey\" href=\"https:\/\/6yka.com\/bih\/nakon-novalicevog-zahtjeva-treba-li-mijenjati-zakon-o-pomilovanju\/\" title=\"\" target=\"_blank\">VIEW MORE<\/a><\/div><\/div><\/div><\/div><\/div><div class=\"vc_row wpb_row vc_row-fluid vc_custom_1722610480807 vc_row-has-fill\"><div class=\"wpb_column vc_column_container vc_col-sm-6\"><div class=\"vc_column-inner\"><div class=\"wpb_wrapper\"><h4 style=\"text-align: left\" class=\"vc_custom_heading vc_do_custom_heading\" >detektor.ba: Tu\u017eba zbog Parade ponosa<\/h4><h6 style=\"text-align: left\" class=\"vc_custom_heading vc_do_custom_heading\" >30.01.2024: Ministarstvo unutra\u0161njih poslova RS tvrdi da nisu primili presudu po tu\u017ebi Parade ponosa Bh.<\/h6>\n\t<div class=\"wpb_text_column wpb_content_element wpb_animate_when_almost_visible wpb_fadeInUp fadeInUp\" >\n\t\t<div class=\"wpb_wrapper\">\n\t\t\t<p>Emina Zahirovi\u0107 Pintari\u0107, predstavnica Parade ponosa, kritikuje Ministarstvo unutra\u0161njih poslova (MUP) RS zbog tvrdnje da nisu dobili obavezuju\u0107u presudu, uprkos tome \u0161to je pro\u0161lo 45 dana od njenog dono\u0161enja. Ona to smatra namjernom taktikom izbjegavanja po\u0161tivanja sudske odluke, koja nala\u017ee objavljivanje informacija koje je zatra\u017eila Parada ponosa. Zahirovi\u0107 Pintari\u0107 tvrdi da MUP koristi Zakon o za\u0161titi li\u010dnih podataka Bosne i Hercegovine kao izgovor za uskra\u0107ivanje informacija o policajcima koji su postupali u svom slu\u017ebenom svojstvu, uprkos jasnom javnom interesu za osiguranje odgovornosti i sigurnosti svih gra\u0111ana. Nagla\u0161ava da \u0107e Parada ponosa nastaviti da se zala\u017ee za izvr\u0161enje ove presude, odbijaju\u0107i dozvoliti MUP-u da izbjegava svoje obaveze.<\/p>\n\n\t\t<\/div>\n\t<\/div>\n<div class=\"vc_btn3-container vc_btn3-right vc_do_btn\" ><a class=\"vc_general vc_btn3 vc_btn3-size-md vc_btn3-shape-square vc_btn3-style-modern vc_btn3-color-grey\" href=\"https:\/\/detektor.ba\/2024\/01\/30\/mup-rs-a-tvrdi-da-nisu-zaprimili-presudu-po-tuzbi-bh-povorke-ponosa-vec-45-dana\/\" title=\"\" target=\"_blank\">VIEW MORE<\/a><\/div><\/div><\/div><\/div><div class=\"wpb_column vc_column_container vc_col-sm-6\"><div class=\"vc_column-inner\"><div class=\"wpb_wrapper\"><h4 style=\"text-align: left\" class=\"vc_custom_heading vc_do_custom_heading\" >hcabl.org: Strate\u0161ke tu\u017ebe protiv javnog u\u010de\u0161\u0107a<\/h4><h6 style=\"text-align: left\" class=\"vc_custom_heading vc_do_custom_heading\" >05.12.2023: Regionalna konferencija o SLAPP (Strate\u0161ke tu\u017ebe protiv javnog u\u010de\u0161\u0107a) tu\u017ebama 10. decembra u Domu omladine<\/h6>\n\t<div class=\"wpb_text_column wpb_content_element wpb_animate_when_almost_visible wpb_fadeInUp fadeInUp\" >\n\t\t<div class=\"wpb_wrapper\">\n\t\t\t<p>Emina Z. Pintari\u0107, advokatica i panelistica na predstoje\u0107oj \"Regionalnoj konferenciji o SLAPP tu\u017ebama\", osvrnut \u0107e se na rastu\u0107i problem SLAPP tu\u017ebi u regiji, koje se koriste za zastra\u0161ivanje i u\u0161utkavanje novinara i aktivista. Hrvatska prednja\u010di po broju ovih tu\u017ebi, a slijede je Bosna i Hercegovina i Srbija. Ove tu\u017ebe, osmi\u0161ljene da finansijski i emocionalno iscrpe svoje mete, jo\u0161 uvijek nisu priznate u pravnim sistemima ovih zemalja. Pintari\u0107 \u0107e na konferenciji u Banjoj Luci 10. decembra istra\u017eiti strategije za odbranu od SLAPP tu\u017ebi i razgovarati o potrebi za efikasnom ANTI-SLAPP strategijom.<\/p>\n\n\t\t<\/div>\n\t<\/div>\n<div class=\"vc_btn3-container vc_btn3-right vc_do_btn\" ><a class=\"vc_general vc_btn3 vc_btn3-size-md vc_btn3-shape-square vc_btn3-style-modern vc_btn3-color-grey\" href=\"https:\/\/hcabl.org\/regionalna-konferencija-o-slapp-tuzbama-10-decembra-u-domu-omladine\/\" title=\"\" target=\"_blank\">VIEW MORE<\/a><\/div><\/div><\/div><\/div><\/div>\n<\/div>","protected":false},"excerpt":{"rendered":"Attorney at law Emina Z. Pintaric has shared valuable insights on various legal topics and has been featured in multiple media interviews. Here are a few of her notable contributions. N1: Protection of Personal Data17.05.2024: Thousands of addresses and phone numbers of BiH citizens have been exposed on an online directory Citizens of Bosnia and [...]","protected":false},"author":1,"featured_media":0,"parent":0,"menu_order":0,"comment_status":"closed","ping_status":"closed","template":"","meta":{"site-sidebar-layout":"no-sidebar","site-content-layout":"plain-container","ast-site-content-layout":"default","site-content-style":"default","site-sidebar-style":"default","ast-global-header-display":"","ast-banner-title-visibility":"","ast-main-header-display":"","ast-hfb-above-header-display":"","ast-hfb-below-header-display":"","ast-hfb-mobile-header-display":"","site-post-title":"disabled","ast-breadcrumbs-content":"","ast-featured-img":"disabled","footer-sml-layout":"","theme-transparent-header-meta":"default","adv-header-id-meta":"","stick-header-meta":"","header-above-stick-meta":"","header-main-stick-meta":"","header-below-stick-meta":"","astra-migrate-meta-layouts":"set","ast-page-background-enabled":"default","ast-page-background-meta":{"desktop":{"background-color":"var(--ast-global-color-4)","background-image":"","background-repeat":"repeat","background-position":"center center","background-size":"auto","background-attachment":"scroll","background-type":"","background-media":"","overlay-type":"","overlay-color":"","overlay-opacity":"","overlay-gradient":""},"tablet":{"background-color":"","background-image":"","background-repeat":"repeat","background-position":"center center","background-size":"auto","background-attachment":"scroll","background-type":"","background-media":"","overlay-type":"","overlay-color":"","overlay-opacity":"","overlay-gradient":""},"mobile":{"background-color":"","background-image":"","background-repeat":"repeat","background-position":"center center","background-size":"auto","background-attachment":"scroll","background-type":"","background-media":"","overlay-type":"","overlay-color":"","overlay-opacity":"","overlay-gradient":""}},"ast-content-background-meta":{"desktop":{"background-color":"var(--ast-global-color-5)","background-image":"","background-repeat":"repeat","background-position":"center center","background-size":"auto","background-attachment":"scroll","background-type":"","background-media":"","overlay-type":"","overlay-color":"","overlay-opacity":"","overlay-gradient":""},"tablet":{"background-color":"var(--ast-global-color-5)","background-image":"","background-repeat":"repeat","background-position":"center center","background-size":"auto","background-attachment":"scroll","background-type":"","background-media":"","overlay-type":"","overlay-color":"","overlay-opacity":"","overlay-gradient":""},"mobile":{"background-color":"var(--ast-global-color-5)","background-image":"","background-repeat":"repeat","background-position":"center center","background-size":"auto","background-attachment":"scroll","background-type":"","background-media":"","overlay-type":"","overlay-color":"","overlay-opacity":"","overlay-gradient":""}},"iawp_total_views":53,"footnotes":""},"class_list":["post-9763","page","type-page","status-publish","hentry"],"aioseo_notices":[],"_links":{"self":[{"href":"https:\/\/lawoffice.ba\/bs\/wp-json\/wp\/v2\/pages\/9763","targetHints":{"allow":["GET"]}}],"collection":[{"href":"https:\/\/lawoffice.ba\/bs\/wp-json\/wp\/v2\/pages"}],"about":[{"href":"https:\/\/lawoffice.ba\/bs\/wp-json\/wp\/v2\/types\/page"}],"author":[{"embeddable":true,"href":"https:\/\/lawoffice.ba\/bs\/wp-json\/wp\/v2\/users\/1"}],"replies":[{"embeddable":true,"href":"https:\/\/lawoffice.ba\/bs\/wp-json\/wp\/v2\/comments?post=9763"}],"version-history":[{"count":0,"href":"https:\/\/lawoffice.ba\/bs\/wp-json\/wp\/v2\/pages\/9763\/revisions"}],"wp:attachment":[{"href":"https:\/\/lawoffice.ba\/bs\/wp-json\/wp\/v2\/media?parent=9763"}],"curies":[{"name":"wp","href":"https:\/\/api.w.org\/{rel}","templated":true}]}}